{"id":9329,"date":"2024-02-19T09:47:04","date_gmt":"2024-02-19T06:47:04","guid":{"rendered":"https:\/\/snakeonline.io\/?page_id=9329"},"modified":"2024-02-21T15:47:55","modified_gmt":"2024-02-21T12:47:55","slug":"behaviorally-targeted-advertising-and-waiver-of-analytics","status":"publish","type":"page","link":"https:\/\/snakeonline.io\/tr\/mdrender\/partner-opt-out\/","title":{"rendered":"DAVRANI\u015eSAL OLARAK HEDEFLENMI\u015e REKLAMCILIK VE ANALITIKLERDEN FERAGAT ETME"},"content":{"rendered":"<div data-elementor-type=\"wp-page\" data-elementor-id=\"9329\" class=\"elementor elementor-9329\" data-elementor-post-type=\"page\">\n\t\t\t\t\t\t<section class=\"elementor-section elementor-top-section elementor-element elementor-element-0d99092 elementor-section-stretched elementor-section-boxed elementor-section-height-default elementor-section-height-default\" data-id=\"0d99092\" data-element_type=\"section\" data-settings=\"{&quot;stretch_section&quot;:&quot;section-stretched&quot;,&quot;background_background&quot;:&quot;gradient&quot;,&quot;ekit_section_parallax_bg&quot;:&quot;yes&quot;,&quot;shape_divider_bottom&quot;:&quot;opacity-tilt&quot;,&quot;ekit_section_parallax_bg_speed&quot;:0.5}\">\n\t\t\t\t\t\t\t<div class=\"elementor-background-overlay\"><\/div>\n\t\t\t\t\t\t<div class=\"elementor-shape elementor-shape-bottom\" data-negative=\"false\">\n\t\t\t<svg xmlns=\"http:\/\/www.w3.org\/2000\/svg\" viewbox=\"0 0 2600 131.1\" preserveaspectratio=\"none\">\n\t<path class=\"elementor-shape-fill\" d=\"M0 0L2600 0 2600 69.1 0 0z\"\/>\n\t<path class=\"elementor-shape-fill\" style=\"opacity:0.5\" d=\"M0 0L2600 0 2600 69.1 0 69.1z\"\/>\n\t<path class=\"elementor-shape-fill\" style=\"opacity:0.25\" d=\"M2600 0L0 0 0 130.1 2600 69.1z\"\/>\n<\/svg>\t\t<\/div>\n\t\t\t\t\t<div class=\"elementor-container elementor-column-gap-default\">\n\t\t\t\t\t<div class=\"elementor-column elementor-col-100 elementor-top-column elementor-element elementor-element-8fab561\" data-id=\"8fab561\" data-element_type=\"column\">\n\t\t\t<div class=\"elementor-widget-wrap elementor-element-populated\">\n\t\t\t\t\t\t\t<\/div>\n\t\t<\/div>\n\t\t\t\t\t<\/div>\n\t\t<\/section>\n\t\t<div class=\"elementor-element elementor-element-6b2ba0c e-flex e-con-boxed e-con e-parent\" data-id=\"6b2ba0c\" data-element_type=\"container\" data-core-v316-plus=\"true\">\n\t\t\t\t\t<div class=\"e-con-inner\">\n\t\t\t\t<div class=\"elementor-element elementor-element-c8dc991 elementor-widget elementor-widget-text-editor\" data-id=\"c8dc991\" data-element_type=\"widget\" data-settings=\"{&quot;ekit_we_effect_on&quot;:&quot;none&quot;}\" data-widget_type=\"text-editor.default\">\n\t\t\t\t<div class=\"elementor-widget-container\">\n\t\t\t<style>\/*! elementor - v3.20.0 - 26-03-2024 *\/\n.elementor-widget-text-editor.elementor-drop-cap-view-stacked .elementor-drop-cap{background-color:#69727d;color:#fff}.elementor-widget-text-editor.elementor-drop-cap-view-framed .elementor-drop-cap{color:#69727d;border:3px solid;background-color:transparent}.elementor-widget-text-editor:not(.elementor-drop-cap-view-default) .elementor-drop-cap{margin-top:8px}.elementor-widget-text-editor:not(.elementor-drop-cap-view-default) .elementor-drop-cap-letter{width:1em;height:1em}.elementor-widget-text-editor .elementor-drop-cap{float:left;text-align:center;line-height:1;font-size:50px}.elementor-widget-text-editor .elementor-drop-cap-letter{display:inline-block}<\/style>\t\t\t\t<div class=\"styles_markDownContent__KEREe\"><section><p><span style=\"color: #ff9600;\">Y\u00fcr\u00fcrl\u00fck Tarihi:<\/span>\u00a0\u00a0<span style=\"color: #fff800;\">21.02.2024<\/span><\/p><p class=\"styles_paragraph__np2Gp paragraphLight\"><span style=\"color: #ffffff;\">Davran\u0131\u015fsal olarak hedeflenen reklamlar\u0131 s\u0131n\u0131rland\u0131rmak istiyorsan\u0131z, bunu cihaz ayarlar\u0131n\u0131zdaki reklam izleme se\u00e7eneklerini s\u0131n\u0131rland\u0131rarak yapabilirsiniz. Tercihlerinizi belirleme i\u015fleminin taray\u0131c\u0131ya ve cihaza \u00f6zel oldu\u011funu ve tercihlerinizin etkili olmas\u0131n\u0131n biraz zaman alabilece\u011fini l\u00fctfen unutmay\u0131n.<\/span><\/p><p class=\"styles_paragraph__np2Gp paragraphLight\"><span style=\"color: #ffffff;\">Mobil uygulamalardaki reklamlar i\u00e7in, Reklam Kimli\u011finizi s\u0131f\u0131rlayabilir ve cihaz\u0131n\u0131za ba\u011fl\u0131 olarak ilgi alan\u0131na dayal\u0131 reklamlar\u0131 devre d\u0131\u015f\u0131 b\u0131rakmay\u0131 se\u00e7ebilir (Android) veya Reklam \u0130zleme S\u0131n\u0131rlamas\u0131 ayar\u0131n\u0131 a\u00e7abilirsiniz (iOS).<\/span><\/p><p class=\"styles_paragraph__np2Gp paragraphLight\"><span style=\"color: #ffffff;\">Ayr\u0131ca taray\u0131c\u0131 ayarlar\u0131n\u0131z\u0131 de\u011fi\u015ftirerek web'de g\u00f6r\u00fcnt\u00fclenen reklamlar i\u00e7in belirli izlemeleri s\u0131n\u0131rlayabilirsiniz. Bunu, \u00e7erezler arac\u0131l\u0131\u011f\u0131yla bunu yapan siteleri ziyaret ederek yapabilirsiniz:<\/span><\/p><p class=\"styles_paragraph__np2Gp paragraphLight translation-block\"><span style=\"color: #ff9600\"><strong>D-TECH #ff9600;\"&gt;<strong>D-TECH<\/strong><\/span> <span style=\"color: #ffffff\">ayr\u0131ca mobil uygulamalar\u0131m\u0131zda, web sitelerimizde ve \u00e7evrimi\u00e7i ba\u015fka yerlerde bir dizi analiz ve reklam hizmeti orta\u011f\u0131yla birlikte \u00e7al\u0131\u015f\u0131r. Bu ortaklar, hakk\u0131n\u0131zda veri toplamak veya almak i\u00e7in \u00e7erezler, web i\u015faret\u00e7ileri ve di\u011fer izleme teknolojilerini kullanabilir ve ki\u015fisel verileriniz \u00fczerinde denetleyici haklar\u0131 talep edebilir.<\/span><\/p><p class=\" translation-block\"><span style=\"color: #ffffff\">Oyun i\u00e7i reklamlar sunabilmemiz i\u00e7in, reklam kimli\u011finizi ve IP adresinizi, \u00e7erezlerden ve di\u011fer benzer teknolojilerden elde edilen verileri ve bu t\u00fcr di\u011fer bilgileri reklamverenlere (veya reklam a\u011flar\u0131na) g\u00f6nderebiliriz. Daha sonra oyunlar\u0131m\u0131zda ve site d\u0131\u015f\u0131 kaynaklar\u0131m\u0131zda g\u00f6sterilmek \u00fczere sizin i\u00e7in uygun reklamlar bulabilirler. Cihaz\u0131n\u0131zdaki ayarlar\u0131 kullanarak reklam kimli\u011finizi kullanmam\u0131z\u0131 kontrol edebilir ve k\u0131s\u0131tlayabilirsiniz.<\/span> <span style=\"color: #ff9600\"><strong>D-TECH<\/strong><\/span> <span style=\"color: #ffffff\">oyunlar\u0131m\u0131zda hangi belirli reklamlar\u0131n g\u00f6sterilece\u011fini kontrol etmez (bu reklam a\u011flar\u0131 taraf\u0131ndan kontrol edilir), ancak belirli reklam kategorilerini engelleriz.<\/span><\/p><p><span style=\"color: #ffffff;\">Reklam ortaklar\u0131n\u0131n bir listesi ve gizlilik politikalar\u0131na ba\u011flant\u0131lar<\/span><\/p><p class=\" translation-block\"><span style=\"color: #fff800\"><strong>Birlik Reklamlar\u0131 #fff800;\"&gt;<strong>Unity Reklamlar\u0131<\/strong><\/span><br>&lt;span style=&quot;color: #Unity taraf\u0131ndan sa\u011flanmaktad\u0131r Unity Reklamlar\u0131 hakk\u0131nda daha fazla bilgi i\u00e7in l\u00fctfen Gizlilik Politikas\u0131n\u0131 ziyaret edin<\/span><\/p><p class=\" translation-block\"><span style=\"color: #fff800\"><strong>Unity Ads Gizlilik Politikas\u0131<\/strong><\/span><em><br><span style=\"color: #ffffff\"><a style=\"color: #ffffff\" href=\"https:\/\/unity.com\/legal\/privacy-policy\" target=\"_self\">https:\/\/unity.com\/legal\/privacy-policy<\/a><\/span><\/em>.<\/p><\/section><\/div>\t\t\t\t\t\t<\/div>\n\t\t\t\t<\/div>\n\t\t\t\t\t<\/div>\n\t\t\t\t<\/div>\n\t\t\t\t<\/div>","protected":false},"excerpt":{"rendered":"<p>Effective Date:\u00a0\u00a021.02.2024 If you want to limit behaviourally targeted ads, you can do so by limiting ad tracking options in [&hellip;]<\/p>","protected":false},"author":1,"featured_media":0,"parent":0,"menu_order":0,"comment_status":"closed","ping_status":"closed","template":"elementor_header_footer","meta":{"site-sidebar-layout":"no-sidebar","site-content-layout":"","ast-site-content-layout":"full-width-container","site-content-style":"default","site-sidebar-style":"default","ast-global-header-display":"","ast-banner-title-visibility":"","ast-main-header-display":"","ast-hfb-above-header-display":"","ast-hfb-below-header-display":"","ast-hfb-mobile-header-display":"","site-post-title":"disabled","ast-breadcrumbs-content":"","ast-featured-img":"disabled","footer-sml-layout":"","theme-transparent-header-meta":"","adv-header-id-meta":"","stick-header-meta":"","header-above-stick-meta":"","header-main-stick-meta":"","header-below-stick-meta":"","astra-migrate-meta-layouts":"default","ast-page-background-enabled":"default","ast-page-background-meta":{"desktop":{"background-color":"var(--ast-global-color-4)","background-image":"","background-repeat":"repeat","background-position":"center center","background-size":"auto","background-attachment":"scroll","background-type":"","background-media":"","overlay-type":"","overlay-color":"","overlay-gradient":""},"tablet":{"background-color":"","background-image":"","background-repeat":"repeat","background-position":"center center","background-size":"auto","background-attachment":"scroll","background-type":"","background-media":"","overlay-type":"","overlay-color":"","overlay-gradient":""},"mobile":{"background-color":"","background-image":"","background-repeat":"repeat","background-position":"center center","background-size":"auto","background-attachment":"scroll","background-type":"","background-media":"","overlay-type":"","overlay-color":"","overlay-gradient":""}},"ast-content-background-meta":{"desktop":{"background-color":"var(--ast-global-color-5)","background-image":"","background-repeat":"repeat","background-position":"center center","background-size":"auto","background-attachment":"scroll","background-type":"","background-media":"","overlay-type":"","overlay-color":"","overlay-gradient":""},"tablet":{"background-color":"var(--ast-global-color-5)","background-image":"","background-repeat":"repeat","background-position":"center center","background-size":"auto","background-attachment":"scroll","background-type":"","background-media":"","overlay-type":"","overlay-color":"","overlay-gradient":""},"mobile":{"background-color":"var(--ast-global-color-5)","background-image":"","background-repeat":"repeat","background-position":"center center","background-size":"auto","background-attachment":"scroll","background-type":"","background-media":"","overlay-type":"","overlay-color":"","overlay-gradient":""}},"footnotes":""},"class_list":["post-9329","page","type-page","status-publish","hentry"],"_links":{"self":[{"href":"https:\/\/snakeonline.io\/tr\/wp-json\/wp\/v2\/pages\/9329","targetHints":{"allow":["GET"]}}],"collection":[{"href":"https:\/\/snakeonline.io\/tr\/wp-json\/wp\/v2\/pages"}],"about":[{"href":"https:\/\/snakeonline.io\/tr\/wp-json\/wp\/v2\/types\/page"}],"author":[{"embeddable":true,"href":"https:\/\/snakeonline.io\/tr\/wp-json\/wp\/v2\/users\/1"}],"replies":[{"embeddable":true,"href":"https:\/\/snakeonline.io\/tr\/wp-json\/wp\/v2\/comments?post=9329"}],"version-history":[{"count":0,"href":"https:\/\/snakeonline.io\/tr\/wp-json\/wp\/v2\/pages\/9329\/revisions"}],"wp:attachment":[{"href":"https:\/\/snakeonline.io\/tr\/wp-json\/wp\/v2\/media?parent=9329"}],"curies":[{"name":"wp","href":"https:\/\/api.w.org\/{rel}","templated":true}]}}