{"id":6724,"date":"2024-01-18T00:00:58","date_gmt":"2024-01-18T05:00:58","guid":{"rendered":"https:\/\/snakeonline.io\/?page_id=6724"},"modified":"2024-02-21T15:49:08","modified_gmt":"2024-02-21T12:49:08","slug":"mdrender-parentsguide","status":"publish","type":"page","link":"https:\/\/snakeonline.io\/tr\/mdrender\/parentsguide\/","title":{"rendered":"Ebeveyn Rehberi"},"content":{"rendered":"<div data-elementor-type=\"wp-page\" data-elementor-id=\"6724\" class=\"elementor elementor-6724\" data-elementor-post-type=\"page\">\n\t\t\t\t\t\t<section class=\"elementor-section elementor-top-section elementor-element elementor-element-b9725f1 elementor-section-stretched elementor-section-full_width elementor-section-height-default elementor-section-height-default\" data-id=\"b9725f1\" data-element_type=\"section\" data-settings=\"{&quot;stretch_section&quot;:&quot;section-stretched&quot;,&quot;background_background&quot;:&quot;gradient&quot;,&quot;ekit_section_parallax_bg&quot;:&quot;yes&quot;,&quot;shape_divider_bottom&quot;:&quot;opacity-tilt&quot;,&quot;ekit_section_parallax_bg_speed&quot;:0.5}\">\n\t\t\t\t\t\t\t<div class=\"elementor-background-overlay\"><\/div>\n\t\t\t\t\t\t<div class=\"elementor-shape elementor-shape-bottom\" data-negative=\"false\">\n\t\t\t<svg xmlns=\"http:\/\/www.w3.org\/2000\/svg\" viewbox=\"0 0 2600 131.1\" preserveaspectratio=\"none\">\n\t<path class=\"elementor-shape-fill\" d=\"M0 0L2600 0 2600 69.1 0 0z\"\/>\n\t<path class=\"elementor-shape-fill\" style=\"opacity:0.5\" d=\"M0 0L2600 0 2600 69.1 0 69.1z\"\/>\n\t<path class=\"elementor-shape-fill\" style=\"opacity:0.25\" d=\"M2600 0L0 0 0 130.1 2600 69.1z\"\/>\n<\/svg>\t\t<\/div>\n\t\t\t\t\t<div class=\"elementor-container elementor-column-gap-default\">\n\t\t\t\t\t<div class=\"elementor-column elementor-col-100 elementor-top-column elementor-element elementor-element-3503fe4\" data-id=\"3503fe4\" data-element_type=\"column\">\n\t\t\t<div class=\"elementor-widget-wrap elementor-element-populated\">\n\t\t\t\t\t\t\t<\/div>\n\t\t<\/div>\n\t\t\t\t\t<\/div>\n\t\t<\/section>\n\t\t<div class=\"elementor-element elementor-element-9dad6c1 e-flex e-con-boxed e-con e-parent\" data-id=\"9dad6c1\" data-element_type=\"container\" data-core-v316-plus=\"true\">\n\t\t\t\t\t<div class=\"e-con-inner\">\n\t\t\t\t<div class=\"elementor-element elementor-element-cb90ad0 elementor-widget elementor-widget-text-editor\" data-id=\"cb90ad0\" data-element_type=\"widget\" data-settings=\"{&quot;ekit_we_effect_on&quot;:&quot;none&quot;}\" data-widget_type=\"text-editor.default\">\n\t\t\t\t<div class=\"elementor-widget-container\">\n\t\t\t<style>\/*! elementor - v3.20.0 - 26-03-2024 *\/\n.elementor-widget-text-editor.elementor-drop-cap-view-stacked .elementor-drop-cap{background-color:#69727d;color:#fff}.elementor-widget-text-editor.elementor-drop-cap-view-framed .elementor-drop-cap{color:#69727d;border:3px solid;background-color:transparent}.elementor-widget-text-editor:not(.elementor-drop-cap-view-default) .elementor-drop-cap{margin-top:8px}.elementor-widget-text-editor:not(.elementor-drop-cap-view-default) .elementor-drop-cap-letter{width:1em;height:1em}.elementor-widget-text-editor .elementor-drop-cap{float:left;text-align:center;line-height:1;font-size:50px}.elementor-widget-text-editor .elementor-drop-cap-letter{display:inline-block}<\/style>\t\t\t\t<section class=\" translation-block\"><span style=\"color: #ff9600\">Y\u00fcr\u00fcrl\u00fck Tarihi:<\/span> <span style=\"color: #fff800\">21.02. 2024<br><\/span><span style=\"text-align: var(--text-align);font-size: 1rem\"><span style=\"color: #fff800\"><br><\/span><span style=\"color: #ffffff\">Bundan <\/span><\/span><span style=\"color: #ffffff;text-align: var(--text-align);font-size: 1rem\">burada <\/span><span style=\"color: #ffffff;text-align: var(--text-align);font-size: 1rem\">oldu\u011funuza g\u00f6re, siz veya sevdi\u011finiz biri oyunlar\u0131m\u0131zdan birini be\u011feniyor demektir. Te\u015fekk\u00fcrler! Umar\u0131z siz de bu oyunlar\u0131 yaparken bizim kadar e\u011fleniyorsunuzdur.<\/section><section><span style=\"color: #ffffff;\">We guess you have questions about how to keep yourself and your children safe when connecting to our games from your mobile device. Issues such as age limit, in-app purchases and security are extremely serious and you can be sure that we will provide you with the necessary support regarding these issues.<\/span><p>\u00a0<\/p><p><span style=\"color: #ffffff;\">We adhere to a clear set of rules for ourselves and our players so that you can play D-TECH games in a safe and controlled environment:<\/span><\/p><ul><li><span style=\"color: #ffffff;\">We respect our players and do our best to make our games fun. We never compromise game quality for short-term evaluations.<\/span><\/li><li><span style=\"color: #ffffff;\">We want you to be in complete control while experiencing D-TECH games. This means you or your child will receive honest information about the content of our games before downloading them. This will be communicated to you clearly when making in-game purchases.<\/span><\/li><li><span style=\"color: #ffffff;\">If you or your child has a problem with our games, you won&#8217;t waste time figuring out how to fix it. Apart from these types of guides, we help you in every way possible, whether it&#8217;s related to payments, if your issue is related to payments (usually Google or Apple handles payments and refunds), if it&#8217;s related to the game itself (usually you contact us).<\/span><\/li><\/ul><p><span style=\"color: #ffffff;\">Continue reading for the most frequently asked questions and their answers. If there is anything we missed, let us know <a style=\"color: #ffffff;\" href=\"mailto:support@snakeonline.io\"><b>support@snakeonline.io<\/b><\/a>\u00a0Don&#8217;t forget to include information in your email, such as what happened, when it happened, any transaction invoices you can find, and relevant screenshots.<\/span><\/p><h4><span style=\"color: #fff800;\">WHAT IS THE AGE LIMIT AND GENERAL POLICY OF D-TECH GAMES?<\/span><\/h4><p><span style=\"color: #ffffff;\">There is no general age limit in our games. However, within the scope of our Terms of Service, if our players are underage in their country of residence, their legal guardians must approve our Terms of Service before opening an account.<\/span><\/p><p><span style=\"color: #ffffff;\">Please note: You can find recommended age groups on both Google Play and the Apple App Store on iTunes. However, these age and maturity ratings only apply to the content of our games (similar to US film ratings G, PG, PG-13 and apply to gameplay, animation, etc.). To learn more about how these categories are determined, please <a style=\"color: #ffffff;\" href=\"https:\/\/itunes.apple.com\/WebObjects\/MZStore.woa\/wa\/appRatings?ratingSystem=appsApple\" rel=\"nofollow noopener\" target=\"_blank\">Apple<\/a> and <a style=\"color: #ffffff;\" href=\"https:\/\/support.google.com\/googleplay\/answer\/1075738?hl=en\" rel=\"nofollow noopener\" target=\"_blank\">Visit Google<\/a> support websites.<\/span><\/p><h4><span style=\"color: #fff800;\">HOW CAN I MANAGE OR CLOSE IN-APP PURCHASES?<\/span><\/h4><p><span style=\"color: #ffffff;\">All our applications can be downloaded for free. However, please note that our games also offer completely optional &#8220;in-app purchases&#8221;. These purchases are not absolutely mandatory in the game, they can only be used to improve some elements in the game. For example, the cost of in-app purchases varies across US app stores and ranges from $0.99 to $99.99 (tax not included).<\/span><\/p><p><span style=\"color: #ffffff;\">In-app purchases are made with real money and this is always clearly stated. Purchases can be accessed &#8220;in-game&#8221;, meaning the purchase option is available within the game.<\/span><\/p><p><span style=\"color: #ffffff;\"><strong>Important:<\/strong> You can easily manage the options for making in-app purchases, adjusting password protection settings, and disabling in-app purchases from the general settings of your mobile device. How you do this varies on Apple iOS devices, such as iPhone or iPad, or Google Android devices. In each case, here are the guidelines you need:<\/span><\/p><p><span style=\"color: #ffffff;\"><a style=\"color: #ffffff;\" href=\"https:\/\/support.apple.com\/tr-tr\/HT204396\" rel=\"nofollow noopener\" target=\"_blank\">Apple iOS device in-app settings<\/a> \/ <a style=\"color: #ffffff;\" href=\"https:\/\/support.google.com\/googleplay\/answer\/1626831?hl=tr\" rel=\"nofollow noopener\" target=\"_blank\">Google Android device in-app settings<\/a><\/span><\/p><h4><span style=\"color: #fff800;\">WHO PROCESSES IN-APP PURCHASES?<\/span><\/h4><p><span style=\"color: #ffffff;\">We do not process in-app purchases at D-TECH <strong>If the purchase was made on an Apple (iOS) device:<\/strong><\/span><br \/><span style=\"color: #ffffff;\">D-TECH cannot directly process refunds for purchases made on iOS devices. Please <a style=\"color: #ffffff;\" href=\"https:\/\/support.apple.com\/itunes\" rel=\"nofollow noopener\" target=\"_blank\">Apple support<\/a> and select the &#8220;Contact iTunes store support&#8221; link, then the &#8220;Account &amp; Billing&#8221; link and find the option that best suits you.\u00a0<\/span><\/p><p><span style=\"color: #ff9600;\"><strong>If the purchase was made on a Google (Android) device:<\/strong><\/span><br \/><span style=\"color: #ffffff;\">Please <a style=\"color: #ffffff;\" href=\"mailto:support@snakeonline.io\"><b>support@snakeonline.io<\/b><\/a> or reach us directly by tapping &#8220;Contact Us&#8221; in the upper right corner. In your message, please specify the name of the game for which the purchase was made and include the invoice for the transaction. The Transaction ID (in the format GPA.1234-1234-1234-12345) at the bottom of the document should be visible. After each transaction, Google emails you the invoice for the transaction.<\/span><\/p><h4><span style=\"color: #fff800;\">I RECEIVED AN INVOICE FOR A PURCHASE I DID NOT MAKE, WHAT SHOULD I DO IF I THINK IT IS A FRAUDULENT TRANSACTION?<\/span><\/h4><p><span style=\"color: #ffffff;\">If you or your child have not played one of our games and you think a fraudulent transaction has been made on your account, you should immediately contact Apple (for iOS devices) or Google (for Android devices), which manages the transactions.<\/span><\/p><p><span style=\"color: #ff9600;\"><strong>For Apple (iOS) devices:<\/strong><\/span><br \/><span style=\"color: #ffffff;\"><a style=\"color: #ffffff;\" href=\"https:\/\/support.apple.com\/itunes\" rel=\"nofollow noopener\" target=\"_blank\">Apple support<\/a> and select the &#8220;Contact iTunes store support&#8221; link, then the &#8220;Account &amp; Billing&#8221; link and find the option that best suits you.\u00a0<\/span><\/p><p><span style=\"color: #ff9600;\"><strong>For Google (Android) devices:<\/strong><\/span><br \/><span style=\"color: #ffffff;\"><a style=\"color: #ffffff;\" href=\"https:\/\/support.google.com\/googleplay\/?hl=en#topic=3364260\" rel=\"nofollow noopener\" target=\"_blank\">Google support<\/a> Visit and call or email using the &#8220;Contact Us&#8221; button on the page Reach a Google customer support representative by phone.<\/span><\/p><p><span style=\"color: #ffffff;\">If you contacted Apple or Google about the fraudulent transaction and they referred you to us, please <a style=\"color: #ffffff;\" href=\"mailto:support@snakeonline.io\"><b>support@snakeonline.io<\/b><\/a>\u00a0What happened when, transaction invoices, relevant screenshots, etc. Do not forget to add detailed information.<\/span><\/p><p><span style=\"color: #ffffff;\">Also be sure to read our Fraud Issues section to learn more about fraudulent transactions.<\/span><\/p><h4><span style=\"color: #fff800;\">WHAT IS D-TECH&#8217;S PRIVACY POLICY?<\/span><\/h4><p><span style=\"color: #ffffff;\">Your privacy is our priority. At D-TECH, we do not have access to any of your credit card information. The reason for this is that your payment transactions are made via the Apple App Store or Google Play (depending on your device) through your personal e-mail address associated with your account. We always ask for your consent before sending direct marketing messages to your mobile phone.<\/span><\/p><p><span style=\"color: #ffffff;\">We do not sell or give your personal data to third parties to use for advertising purposes. We always ask for your consent before sending direct marketing messages to your mobile phone.<\/span><\/p><p><span style=\"color: #ffffff;\"><a style=\"color: #ffffff;\" href=\"https:\/\/snakeonline.io\/mdrender\/privacypolicy\/\">Gizlilik Politikas\u0131<\/a>.<\/span><\/p><h4><span style=\"color: #fff800;\">HOW CAN I CONTACT D-TECH?<\/span><\/h4><p><span style=\"color: #ffffff;\">Like we said, we&#8217;re here to help! If you have any further questions, let us know <a style=\"color: #ffffff;\" href=\"mailto:support@snakeonline.io\"><b>support@snakeonline.io<\/b><\/a>\u00a0Don&#8217;t forget to include information in your email, such as what happened, when it happened, any transaction invoices you can find, and relevant screenshots.<\/span><\/p><\/section>\t\t\t\t\t\t<\/div>\n\t\t\t\t<\/div>\n\t\t\t\t\t<\/div>\n\t\t\t\t<\/div>\n\t\t\t\t<\/div>","protected":false},"excerpt":{"rendered":"<p>Effective Date:\u00a0\u00a021.02.2024 Since you&#8217;re here, it means you or someone you love is enjoying one of our games. Thanks! We [&hellip;]<\/p>","protected":false},"author":2,"featured_media":0,"parent":0,"menu_order":0,"comment_status":"closed","ping_status":"closed","template":"elementor_header_footer","meta":{"site-sidebar-layout":"default","site-content-layout":"","ast-site-content-layout":"","site-content-style":"default","site-sidebar-style":"default","ast-global-header-display":"","ast-banner-title-visibility":"","ast-main-header-display":"","ast-hfb-above-header-display":"","ast-hfb-below-header-display":"","ast-hfb-mobile-header-display":"","site-post-title":"","ast-breadcrumbs-content":"","ast-featured-img":"","footer-sml-layout":"","theme-transparent-header-meta":"","adv-header-id-meta":"","stick-header-meta":"","header-above-stick-meta":"","header-main-stick-meta":"","header-below-stick-meta":"","astra-migrate-meta-layouts":"default","ast-page-background-enabled":"default","ast-page-background-meta":{"desktop":{"background-color":"var(--ast-global-color-4)","background-image":"","background-repeat":"repeat","background-position":"center center","background-size":"auto","background-attachment":"scroll","background-type":"","background-media":"","overlay-type":"","overlay-color":"","overlay-gradient":""},"tablet":{"background-color":"","background-image":"","background-repeat":"repeat","background-position":"center center","background-size":"auto","background-attachment":"scroll","background-type":"","background-media":"","overlay-type":"","overlay-color":"","overlay-gradient":""},"mobile":{"background-color":"","background-image":"","background-repeat":"repeat","background-position":"center center","background-size":"auto","background-attachment":"scroll","background-type":"","background-media":"","overlay-type":"","overlay-color":"","overlay-gradient":""}},"ast-content-background-meta":{"desktop":{"background-color":"var(--ast-global-color-5)","background-image":"","background-repeat":"repeat","background-position":"center center","background-size":"auto","background-attachment":"scroll","background-type":"","background-media":"","overlay-type":"","overlay-color":"","overlay-gradient":""},"tablet":{"background-color":"var(--ast-global-color-5)","background-image":"","background-repeat":"repeat","background-position":"center center","background-size":"auto","background-attachment":"scroll","background-type":"","background-media":"","overlay-type":"","overlay-color":"","overlay-gradient":""},"mobile":{"background-color":"var(--ast-global-color-5)","background-image":"","background-repeat":"repeat","background-position":"center center","background-size":"auto","background-attachment":"scroll","background-type":"","background-media":"","overlay-type":"","overlay-color":"","overlay-gradient":""}},"footnotes":""},"class_list":["post-6724","page","type-page","status-publish","hentry"],"_links":{"self":[{"href":"https:\/\/snakeonline.io\/tr\/wp-json\/wp\/v2\/pages\/6724","targetHints":{"allow":["GET"]}}],"collection":[{"href":"https:\/\/snakeonline.io\/tr\/wp-json\/wp\/v2\/pages"}],"about":[{"href":"https:\/\/snakeonline.io\/tr\/wp-json\/wp\/v2\/types\/page"}],"author":[{"embeddable":true,"href":"https:\/\/snakeonline.io\/tr\/wp-json\/wp\/v2\/users\/2"}],"replies":[{"embeddable":true,"href":"https:\/\/snakeonline.io\/tr\/wp-json\/wp\/v2\/comments?post=6724"}],"version-history":[{"count":0,"href":"https:\/\/snakeonline.io\/tr\/wp-json\/wp\/v2\/pages\/6724\/revisions"}],"wp:attachment":[{"href":"https:\/\/snakeonline.io\/tr\/wp-json\/wp\/v2\/media?parent=6724"}],"curies":[{"name":"wp","href":"https:\/\/api.w.org\/{rel}","templated":true}]}}