{"id":6719,"date":"2024-01-18T00:00:05","date_gmt":"2024-01-18T05:00:05","guid":{"rendered":"https:\/\/snakeonline.io\/?page_id=6719"},"modified":"2025-08-20T21:22:41","modified_gmt":"2025-08-20T18:22:41","slug":"mdrender-dataprotection","status":"publish","type":"page","link":"https:\/\/snakeonline.io\/tr\/mdrender\/dataprotection\/","title":{"rendered":"GDPR HAKKINDA"},"content":{"rendered":"<div data-elementor-type=\"wp-page\" data-elementor-id=\"6719\" class=\"elementor elementor-6719\" data-elementor-post-type=\"page\">\n\t\t\t\t\t\t<section class=\"elementor-section elementor-top-section elementor-element elementor-element-f4854e2 elementor-section-stretched elementor-section-full_width elementor-section-height-default elementor-section-height-default\" data-id=\"f4854e2\" data-element_type=\"section\" data-settings=\"{&quot;stretch_section&quot;:&quot;section-stretched&quot;,&quot;background_background&quot;:&quot;gradient&quot;,&quot;ekit_section_parallax_bg&quot;:&quot;yes&quot;,&quot;shape_divider_bottom&quot;:&quot;opacity-tilt&quot;,&quot;ekit_section_parallax_bg_speed&quot;:0.5}\">\n\t\t\t\t\t\t\t<div class=\"elementor-background-overlay\"><\/div>\n\t\t\t\t\t\t<div class=\"elementor-shape elementor-shape-bottom\" data-negative=\"false\">\n\t\t\t<svg xmlns=\"http:\/\/www.w3.org\/2000\/svg\" viewbox=\"0 0 2600 131.1\" preserveaspectratio=\"none\">\n\t<path class=\"elementor-shape-fill\" d=\"M0 0L2600 0 2600 69.1 0 0z\"\/>\n\t<path class=\"elementor-shape-fill\" style=\"opacity:0.5\" d=\"M0 0L2600 0 2600 69.1 0 69.1z\"\/>\n\t<path class=\"elementor-shape-fill\" style=\"opacity:0.25\" d=\"M2600 0L0 0 0 130.1 2600 69.1z\"\/>\n<\/svg>\t\t<\/div>\n\t\t\t\t\t<div class=\"elementor-container elementor-column-gap-default\">\n\t\t\t\t\t<div class=\"elementor-column elementor-col-100 elementor-top-column elementor-element elementor-element-e12e3f9\" data-id=\"e12e3f9\" data-element_type=\"column\">\n\t\t\t<div class=\"elementor-widget-wrap elementor-element-populated\">\n\t\t\t\t\t\t\t<\/div>\n\t\t<\/div>\n\t\t\t\t\t<\/div>\n\t\t<\/section>\n\t\t<div class=\"elementor-element elementor-element-a301a74 e-flex e-con-boxed e-con e-parent\" data-id=\"a301a74\" data-element_type=\"container\" data-core-v316-plus=\"true\">\n\t\t\t\t\t<div class=\"e-con-inner\">\n\t\t\t\t<div class=\"elementor-element elementor-element-4c9e65c elementor-widget elementor-widget-text-editor\" data-id=\"4c9e65c\" data-element_type=\"widget\" data-settings=\"{&quot;ekit_we_effect_on&quot;:&quot;none&quot;}\" data-widget_type=\"text-editor.default\">\n\t\t\t\t<div class=\"elementor-widget-container\">\n\t\t\t<style>\/*! elementor - v3.20.0 - 26-03-2024 *\/\n.elementor-widget-text-editor.elementor-drop-cap-view-stacked .elementor-drop-cap{background-color:#69727d;color:#fff}.elementor-widget-text-editor.elementor-drop-cap-view-framed .elementor-drop-cap{color:#69727d;border:3px solid;background-color:transparent}.elementor-widget-text-editor:not(.elementor-drop-cap-view-default) .elementor-drop-cap{margin-top:8px}.elementor-widget-text-editor:not(.elementor-drop-cap-view-default) .elementor-drop-cap-letter{width:1em;height:1em}.elementor-widget-text-editor .elementor-drop-cap{float:left;text-align:center;line-height:1;font-size:50px}.elementor-widget-text-editor .elementor-drop-cap-letter{display:inline-block}<\/style>\t\t\t\t<div>\n<section>\n<p><span style=\"color: #ff9600;\">Y\u00fcr\u00fcrl\u00fck Tarihi:<\/span>&nbsp;&nbsp;<span style=\"color: #ffff00;\">20.08.2025<\/span><\/p>\n<h4><span style=\"color: #ff9600;\">GENERAL DATA PROTECTION REGULATION<\/span><\/h4>\n<p><span style=\"color: #ffffff;\">GVKY, \"Genel Veri Koruma Y\u00f6netmeli\u011fi\" i\u00e7in kullan\u0131lan bir k\u0131saltmad\u0131r. Genel Veri Koruma Y\u00f6netmeli\u011fi anlam\u0131na gelir. GDPR, Avrupa Birli\u011fi i\u00e7inde faaliyet g\u00f6steren t\u00fcm \u015firketler i\u00e7in ge\u00e7erli olan bir veri koruma yasas\u0131d\u0131r.<\/span><br><span style=\"color: #ffffff;\">To learn more about how Vision go GmbH handles players&#8217; data, please see <a style=\"color: #ffffff;\" href=\"https:\/\/snakeonline.io\/mdrender\/privacypolicy\/\">our privacy policy<\/a>.<\/span><\/p>\n<p class=\" translation-block\"><span style=\"text-decoration: underline;color:  #ffffff\"><a style=\"color: #ffffff\" href=\"https:\/\/snakeonline.io\/support\/\" target=\"_self\">* Ki\u015fisel verilerinizin elektronik formatta bir kopyas\u0131n\u0131 talep edin<\/a><\/span><br><span style=\"color: #ffffff\"><a style=\"color: #ffffff\" href=\"https:\/\/snakeonline.io\/support\/\" target=\"_self\">* Ki\u015fisel verilerinizin silinmesini talep etme<\/a><\/span><\/p>\n<h4><span style=\"color: #ff9600;\">KI\u0307\u015eI\u0307SEL VERI\u0307LERI\u0307N TALEP EDI\u0307LMESI\u0307<\/span><\/h4>\n<p><span style=\"color: #ffffff;\">Talebiniz \u00fczerine ki\u015fisel verilerinizin bir kopyas\u0131n\u0131 elektronik formatta sizinle payla\u015faca\u011f\u0131z.<\/span><\/p>\n<p><span style=\"color: #ffffff;\"><b>Steps are as follows:<br><\/b><\/span><span style=\"color: #ffffff; font-family: var( --e-global-typography-text-font-family ), Sans-serif; font-style: inherit; font-weight: inherit; text-align: var(--text-align);\">*The account whose data you want to retrieve must be linked to the&nbsp;<\/span><span style=\"text-align: var(--text-align); color: var(--ast-global-color-5); font-size: 1rem; font-weight: 700;\">MOOXER<\/span><span style=\"text-align: var(--text-align); color: var(--ast-global-color-5); font-size: 1rem;\">&nbsp;<\/span><span style=\"font-family: var( --e-global-typography-text-font-family ), Sans-serif; font-style: inherit; font-weight: inherit; text-align: var(--text-align);\">&nbsp;ID.<\/span><\/p>\n<p><span style=\"color: #ffffff; font-style: inherit; font-weight: inherit; font-family: var( --e-global-typography-text-font-family ), Sans-serif; text-align: var(--text-align);\">*Then we will send the data to the email address associated with this&nbsp;<\/span><span style=\"text-align: var(--text-align); color: var(--ast-global-color-5); font-size: 1rem; font-weight: 700;\">MOOXER<\/span><span style=\"text-align: var(--text-align); color: var(--ast-global-color-5); font-size: 1rem;\">&nbsp;<\/span><span style=\"font-family: var( --e-global-typography-text-font-family ), Sans-serif; font-style: inherit; font-weight: inherit; text-align: var(--text-align);\">&nbsp;ID.<\/span><\/p>\n<p><span style=\"color: #ffffff;\">We can only send data to the email address associated with the&nbsp;<\/span><span style=\"text-align: var(--text-align); color: var(--ast-global-color-5); font-size: 1rem; font-weight: 700;\">MOOXER<\/span><span style=\"text-align: var(--text-align); color: var(--ast-global-color-5); font-size: 1rem;\">&nbsp;<\/span><span style=\"font-style: inherit; font-weight: inherit; text-align: var(--text-align);\">&nbsp;ID to which your game account is linked.<\/span><\/p>\n<p><span style=\"color: #ffffff;\">If you subsequently request further copies of your data, we may charge a reasonable fee based on our administrative costs.<\/span><\/p>\n<p class=\" translation-block\"><span style=\"color: #ffffff\"><strong>NOT<\/strong>: Size g\u00f6nderece\u011fimiz ki\u015fisel bilgileri g\u00f6r\u00fcnt\u00fclemek i\u00e7in bir bilgisayara ihtiyac\u0131n\u0131z olacakt\u0131r.<\/span><\/p>\n<h4><span style=\"color: #ff9600;\">KI\u0307\u015eI\u0307SEL VERI\u0307LERI\u0307N SI\u0307LI\u0307NMESI\u0307 TALEBI\u0307<\/span><\/h4>\n<p class=\" translation-block\"><span style=\"color: #ffffff\">Oyun hesab\u0131n\u0131z hakk\u0131nda toplad\u0131\u011f\u0131m\u0131z #ffffff;\"&gt;Oyun hesab\u0131n\u0131z hakk\u0131nda toplad\u0131\u011f\u0131m\u0131z t\u00fcm bilgileri silmemizi talep edebilirsiniz<\/span><br><span style=\"color: #ffffff\">Bu talebin tam olarak yerine getirilmesi, oyun hesab\u0131n\u0131n kal\u0131c\u0131 olarak kapat\u0131lmas\u0131n\u0131 ve silinmesini gerektirecektir. \u00d6deme olsun ya da olmas\u0131n, oyunda kaydetti\u011finiz t\u00fcm oyun i\u00e7i para birimini ve ilerlemeyi kaybedeceksiniz.<\/span><\/p>\n<\/section>\n<\/div>\t\t\t\t\t\t<\/div>\n\t\t\t\t<\/div>\n\t\t\t\t\t<\/div>\n\t\t\t\t<\/div>\n\t\t\t\t<\/div>","protected":false},"excerpt":{"rendered":"<p>Effective Date:&nbsp;&nbsp;20.08.2025 GENERAL DATA PROTECTION REGULATION GVKY is an acronym for &#8220;General Data Protection Regulation&#8221;. It stands for the General [&hellip;]<\/p>","protected":false},"author":2,"featured_media":0,"parent":0,"menu_order":0,"comment_status":"closed","ping_status":"closed","template":"elementor_header_footer","meta":{"site-sidebar-layout":"default","site-content-layout":"","ast-site-content-layout":"","site-content-style":"default","site-sidebar-style":"default","ast-global-header-display":"","ast-banner-title-visibility":"","ast-main-header-display":"","ast-hfb-above-header-display":"","ast-hfb-below-header-display":"","ast-hfb-mobile-header-display":"","site-post-title":"","ast-breadcrumbs-content":"","ast-featured-img":"","footer-sml-layout":"","theme-transparent-header-meta":"","adv-header-id-meta":"","stick-header-meta":"","header-above-stick-meta":"","header-main-stick-meta":"","header-below-stick-meta":"","astra-migrate-meta-layouts":"default","ast-page-background-enabled":"default","ast-page-background-meta":{"desktop":{"background-color":"var(--ast-global-color-4)","background-image":"","background-repeat":"repeat","background-position":"center center","background-size":"auto","background-attachment":"scroll","background-type":"","background-media":"","overlay-type":"","overlay-color":"","overlay-gradient":""},"tablet":{"background-color":"","background-image":"","background-repeat":"repeat","background-position":"center center","background-size":"auto","background-attachment":"scroll","background-type":"","background-media":"","overlay-type":"","overlay-color":"","overlay-gradient":""},"mobile":{"background-color":"","background-image":"","background-repeat":"repeat","background-position":"center center","background-size":"auto","background-attachment":"scroll","background-type":"","background-media":"","overlay-type":"","overlay-color":"","overlay-gradient":""}},"ast-content-background-meta":{"desktop":{"background-color":"var(--ast-global-color-5)","background-image":"","background-repeat":"repeat","background-position":"center center","background-size":"auto","background-attachment":"scroll","background-type":"","background-media":"","overlay-type":"","overlay-color":"","overlay-gradient":""},"tablet":{"background-color":"var(--ast-global-color-5)","background-image":"","background-repeat":"repeat","background-position":"center center","background-size":"auto","background-attachment":"scroll","background-type":"","background-media":"","overlay-type":"","overlay-color":"","overlay-gradient":""},"mobile":{"background-color":"var(--ast-global-color-5)","background-image":"","background-repeat":"repeat","background-position":"center center","background-size":"auto","background-attachment":"scroll","background-type":"","background-media":"","overlay-type":"","overlay-color":"","overlay-gradient":""}},"footnotes":""},"class_list":["post-6719","page","type-page","status-publish","hentry"],"_links":{"self":[{"href":"https:\/\/snakeonline.io\/tr\/wp-json\/wp\/v2\/pages\/6719","targetHints":{"allow":["GET"]}}],"collection":[{"href":"https:\/\/snakeonline.io\/tr\/wp-json\/wp\/v2\/pages"}],"about":[{"href":"https:\/\/snakeonline.io\/tr\/wp-json\/wp\/v2\/types\/page"}],"author":[{"embeddable":true,"href":"https:\/\/snakeonline.io\/tr\/wp-json\/wp\/v2\/users\/2"}],"replies":[{"embeddable":true,"href":"https:\/\/snakeonline.io\/tr\/wp-json\/wp\/v2\/comments?post=6719"}],"version-history":[{"count":3,"href":"https:\/\/snakeonline.io\/tr\/wp-json\/wp\/v2\/pages\/6719\/revisions"}],"predecessor-version":[{"id":10446,"href":"https:\/\/snakeonline.io\/tr\/wp-json\/wp\/v2\/pages\/6719\/revisions\/10446"}],"wp:attachment":[{"href":"https:\/\/snakeonline.io\/tr\/wp-json\/wp\/v2\/media?parent=6719"}],"curies":[{"name":"wp","href":"https:\/\/api.w.org\/{rel}","templated":true}]}}