{"id":6693,"date":"2024-01-18T00:00:20","date_gmt":"2024-01-18T05:00:20","guid":{"rendered":"https:\/\/snakeonline.io\/?page_id=6693"},"modified":"2025-08-20T20:43:37","modified_gmt":"2025-08-20T17:43:37","slug":"mdrender-disclosure-turkish-residents","status":"publish","type":"page","link":"https:\/\/snakeonline.io\/tr\/mdrender\/disclosure-turkish-residents\/","title":{"rendered":"GI\u0307ZLI\u0307LI\u0307K POLI\u0307TI\u0307KASI - T\u00dcRKI\u0307YE'DE YA\u015eAYANLAR I\u0307\u00c7I\u0307N EK A\u00c7IKLAMALAR"},"content":{"rendered":"<div data-elementor-type=\"wp-page\" data-elementor-id=\"6693\" class=\"elementor elementor-6693\" data-elementor-post-type=\"page\">\n\t\t\t\t\t\t<section class=\"elementor-section elementor-top-section elementor-element elementor-element-0ec8082 elementor-section-stretched elementor-section-boxed elementor-section-height-default elementor-section-height-default\" data-id=\"0ec8082\" data-element_type=\"section\" data-settings=\"{&quot;stretch_section&quot;:&quot;section-stretched&quot;,&quot;background_background&quot;:&quot;gradient&quot;,&quot;ekit_section_parallax_bg&quot;:&quot;yes&quot;,&quot;shape_divider_bottom&quot;:&quot;opacity-tilt&quot;,&quot;ekit_section_parallax_bg_speed&quot;:0.5}\">\n\t\t\t\t\t\t\t<div class=\"elementor-background-overlay\"><\/div>\n\t\t\t\t\t\t<div class=\"elementor-shape elementor-shape-bottom\" data-negative=\"false\">\n\t\t\t<svg xmlns=\"http:\/\/www.w3.org\/2000\/svg\" viewbox=\"0 0 2600 131.1\" preserveaspectratio=\"none\">\n\t<path class=\"elementor-shape-fill\" d=\"M0 0L2600 0 2600 69.1 0 0z\"\/>\n\t<path class=\"elementor-shape-fill\" style=\"opacity:0.5\" d=\"M0 0L2600 0 2600 69.1 0 69.1z\"\/>\n\t<path class=\"elementor-shape-fill\" style=\"opacity:0.25\" d=\"M2600 0L0 0 0 130.1 2600 69.1z\"\/>\n<\/svg>\t\t<\/div>\n\t\t\t\t\t<div class=\"elementor-container elementor-column-gap-default\">\n\t\t\t\t\t<div class=\"elementor-column elementor-col-100 elementor-top-column elementor-element elementor-element-f1db743\" data-id=\"f1db743\" data-element_type=\"column\">\n\t\t\t<div class=\"elementor-widget-wrap elementor-element-populated\">\n\t\t\t\t\t\t\t<\/div>\n\t\t<\/div>\n\t\t\t\t\t<\/div>\n\t\t<\/section>\n\t\t<div class=\"elementor-element elementor-element-7793b66 e-flex e-con-boxed e-con e-parent\" data-id=\"7793b66\" data-element_type=\"container\" data-core-v316-plus=\"true\">\n\t\t\t\t\t<div class=\"e-con-inner\">\n\t\t\t\t<div class=\"elementor-element elementor-element-d8ca0b0 elementor-widget elementor-widget-text-editor\" data-id=\"d8ca0b0\" data-element_type=\"widget\" data-settings=\"{&quot;ekit_we_effect_on&quot;:&quot;none&quot;}\" data-widget_type=\"text-editor.default\">\n\t\t\t\t<div class=\"elementor-widget-container\">\n\t\t\t<style>\/*! elementor - v3.20.0 - 26-03-2024 *\/\n.elementor-widget-text-editor.elementor-drop-cap-view-stacked .elementor-drop-cap{background-color:#69727d;color:#fff}.elementor-widget-text-editor.elementor-drop-cap-view-framed .elementor-drop-cap{color:#69727d;border:3px solid;background-color:transparent}.elementor-widget-text-editor:not(.elementor-drop-cap-view-default) .elementor-drop-cap{margin-top:8px}.elementor-widget-text-editor:not(.elementor-drop-cap-view-default) .elementor-drop-cap-letter{width:1em;height:1em}.elementor-widget-text-editor .elementor-drop-cap{float:left;text-align:center;line-height:1;font-size:50px}.elementor-widget-text-editor .elementor-drop-cap-letter{display:inline-block}<\/style>\t\t\t\t<div class=\"styles_markDownContent__KEREe\"><section><p><span style=\"color: #ff9600;\">Y\u00fcr\u00fcrl\u00fck Tarihi:<\/span>\u00a0\u00a0<span style=\"color: #fff800;\">20.08.2025<\/span><\/p><p class=\"styles_paragraf__np2Gp paragrafLight\"><span style=\"color: #ffffff;\">T\u00fcrkiye Cumhuriyeti'nde bulunan bir veri sahibi iseniz a\u015fa\u011f\u0131daki b\u00f6l\u00fcm sizin i\u00e7in ge\u00e7erlidir.<\/span><\/p><h4 id=\"1-data-collection-and-processing\" class=\"styles_title__aVf4k\"><span style=\"color: #fff800;\">1) Veri Toplama ve \u0130\u015fleme<\/span><\/h4><p class=\"styles_paragraf__np2Gp paragrafLight\"><span style=\"color: #ffffff;\">Ki\u015fisel verileriniz \u00f6zellikle T\u00fcrkiye'de Ki\u015fisel Verilerin Korunmas\u0131 Kanunu'na (KVKK No. 6698) uygun olarak i\u015flenecektir.<\/span><\/p><p class=\"styles_paragraf__np2Gp paragrafLight translation-block\"><span style=\"color: #ffffff\">Toplad\u0131\u011f\u0131m\u0131z ki\u015fisel veri kategorileri ve bu verilerin kaynaklar\u0131, global <a class=\"styles_link__jxAx2\" style=\"color: #ffffff\">Gizlilik Politikas\u0131<\/a>'n\u0131n 'TOPLADI\u011eIMIZ VER\u0130LER' b\u00f6l\u00fcm\u00fcnde a\u00e7\u0131klanmaktad\u0131r: #ffffff;\" href=\"https:\/\/snakeonline.io\/mdrender\/privacypolicy\/\" target=\"_self\"&gt;gizlilik politikas\u0131<\/a>.<\/span><\/p><p class=\"styles_paragraf__np2Gp paragrafLight\"><span style=\"color: #ffffff;\">Ki\u015fisel verilerinizi toplama ama\u00e7lar\u0131m\u0131z, k\u00fcresel gizlilik politikas\u0131n\u0131n 'VER\u0130LER\u0130N\u0130Z\u0130 NEDEN TOPLUYORUZ' b\u00f6l\u00fcm\u00fcnde a\u00e7\u0131klanm\u0131\u015ft\u0131r.<\/span><\/p><p class=\"styles_paragraf__np2Gp paragrafLight\"><span style=\"color: #ffffff;\">Yukar\u0131dakilere ek olarak, ki\u015fisel verileriniz otomatik olarak toplanacak ve a\u015fa\u011f\u0131daki yasal gerek\u00e7elere dayanarak T\u00fcrk Ki\u015fisel Verilerin Korunmas\u0131 Kanunu'na (\"KVKK\") uygun olarak i\u015flenecektir:<\/span><\/p><ul><li class=\"styles_paragraph__np2Gp paragraphLight\"><span style=\"color: #ffffff;\">Madde 5\/2 (f)<\/span><\/li><li class=\"styles_paragraph__np2Gp paragraphLight\"><span style=\"color: #ffffff;\">Madde 5\/2 (c)<\/span><\/li><li class=\"styles_paragraph__np2Gp paragrafLight\"><span style=\"color: #ffffff;\">Madde 5\/1<\/span><\/li><\/ul><h4 id=\"2-rights\" class=\"styles_title__aVf4k\"><span style=\"color: #fff800;\">2) Haklar\u0131n\u0131z<\/span><\/h4><p class=\"styles_paragraf__np2Gp paragrafLight\"><span style=\"color: #ffffff;\">Ki\u015fisel bilgilerinizde tuttu\u011fumuz verilerinizle ilgili olarak T\u00fcrkiye Cumhuriyeti'nden hizmet alan bir veri sahibi olarak, KVKK'n\u0131n 11. maddesinde belirtilen a\u015fa\u011f\u0131daki yasal haklara sahipsiniz. Y\u00fcr\u00fcrl\u00fckteki kanun ve y\u00f6netmeliklerin izin verdi\u011fi \u00f6l\u00e7\u00fcde, veri sorumlusu ile ileti\u015fime ge\u00e7ebilirsiniz:<\/span><\/p><ul><li class=\"styles_paragraf__np2Gp paragrafLight\"><span style=\"color: #ffffff;\">Ki\u015fisel verilerinizin i\u015flenip i\u015flenmedi\u011fini \u00f6\u011frenin,<\/span><\/li><li class=\"styles_paragraf__np2Gp paragrafLight\"><span style=\"color: #ffffff;\">Ki\u015fisel verilerinizin i\u015flenip i\u015flenmedi\u011fi hakk\u0131nda bilgi talep edebilirsiniz,<\/span><\/li><li class=\"styles_paragraf__np2Gp paragrafLight\"><span style=\"color: #ffffff;\">Ki\u015fisel verilerinizin i\u015flenme amac\u0131n\u0131 ve bu verilerin belirlenen amaca uygun kullan\u0131l\u0131p kullan\u0131lmad\u0131\u011f\u0131n\u0131 \u00f6\u011frenme<\/span><\/li><li class=\"styles_paragraf__np2Gp paragrafLight\"><span style=\"color: #ffffff;\">Yurt i\u00e7inde veya yurt d\u0131\u015f\u0131nda ki\u015fisel verilerinizin hangi \u00fc\u00e7\u00fcnc\u00fc ki\u015filere aktar\u0131ld\u0131\u011f\u0131n\u0131 bilme,<\/span><\/li><li class=\"styles_paragraf__np2Gp paragrafLight\"><span style=\"color: #ffffff;\">Varsa eksik veya yanl\u0131\u015f verilerin d\u00fczeltilmesini talep edin,<\/span><\/li><li class=\"styles_paragraf__np2Gp paragrafLight\"><span style=\"color: #ffffff;\">KVKK'n\u0131n 7. maddesinde belirtilen \u015fartlar \u00e7er\u00e7evesinde ki\u015fisel verilerinizin silinmesini veya yok edilmesini isteme,<\/span><\/li><li class=\"styles_paragraf__np2Gp paragrafLight\"><span style=\"color: #ffffff;\">Ki\u015fisel verilerinizin, (e) ve (f) kapsam\u0131nda yap\u0131lan i\u015flemlerin, ki\u015fisel verilerinizin aktar\u0131ld\u0131\u011f\u0131 \u00fc\u00e7\u00fcnc\u00fc ki\u015filere bildirilmesini isteme<\/span><\/li><li class=\"styles_paragraf__np2Gp paragrafLight\"><span style=\"color: #ffffff;\">Yaln\u0131zca otomatik sistemler arac\u0131l\u0131\u011f\u0131yla i\u015flenen verilerin ki\u015finin zarar\u0131na olacak \u015fekilde analiz edilmesine itiraz etme,<\/span><\/li><li class=\"styles_paragraf__np2Gp paragrafLight\"><span style=\"color: #ffffff;\">Ki\u015fisel verilerinizin kanuna ayk\u0131r\u0131 olarak i\u015flenmesi sebebiyle zarara u\u011framas\u0131 h\u00e2linde zarar\u0131n giderilmesini talep etme.<\/span><\/li><\/ul><p class=\"styles_paragraf__np2Gp paragrafLight\"><span style=\"color: #ffffff;\">For compliance with Turkish data protection regulations, please contact <b>info@visiongo.at<\/b><\/span><\/p><\/section><\/div>\t\t\t\t\t\t<\/div>\n\t\t\t\t<\/div>\n\t\t\t\t\t<\/div>\n\t\t\t\t<\/div>\n\t\t\t\t<\/div>","protected":false},"excerpt":{"rendered":"<p>Effective Date:\u00a0\u00a020.08.2025 The following section applies to you if you are a data subject located in the Republic of Turkey. [&hellip;]<\/p>","protected":false},"author":2,"featured_media":0,"parent":0,"menu_order":0,"comment_status":"closed","ping_status":"closed","template":"elementor_header_footer","meta":{"site-sidebar-layout":"default","site-content-layout":"","ast-site-content-layout":"","site-content-style":"default","site-sidebar-style":"default","ast-global-header-display":"","ast-banner-title-visibility":"","ast-main-header-display":"","ast-hfb-above-header-display":"","ast-hfb-below-header-display":"","ast-hfb-mobile-header-display":"","site-post-title":"","ast-breadcrumbs-content":"","ast-featured-img":"","footer-sml-layout":"","theme-transparent-header-meta":"","adv-header-id-meta":"","stick-header-meta":"","header-above-stick-meta":"","header-main-stick-meta":"","header-below-stick-meta":"","astra-migrate-meta-layouts":"default","ast-page-background-enabled":"default","ast-page-background-meta":{"desktop":{"background-color":"var(--ast-global-color-4)","background-image":"","background-repeat":"repeat","background-position":"center center","background-size":"auto","background-attachment":"scroll","background-type":"","background-media":"","overlay-type":"","overlay-color":"","overlay-gradient":""},"tablet":{"background-color":"","background-image":"","background-repeat":"repeat","background-position":"center center","background-size":"auto","background-attachment":"scroll","background-type":"","background-media":"","overlay-type":"","overlay-color":"","overlay-gradient":""},"mobile":{"background-color":"","background-image":"","background-repeat":"repeat","background-position":"center center","background-size":"auto","background-attachment":"scroll","background-type":"","background-media":"","overlay-type":"","overlay-color":"","overlay-gradient":""}},"ast-content-background-meta":{"desktop":{"background-color":"var(--ast-global-color-5)","background-image":"","background-repeat":"repeat","background-position":"center center","background-size":"auto","background-attachment":"scroll","background-type":"","background-media":"","overlay-type":"","overlay-color":"","overlay-gradient":""},"tablet":{"background-color":"var(--ast-global-color-5)","background-image":"","background-repeat":"repeat","background-position":"center center","background-size":"auto","background-attachment":"scroll","background-type":"","background-media":"","overlay-type":"","overlay-color":"","overlay-gradient":""},"mobile":{"background-color":"var(--ast-global-color-5)","background-image":"","background-repeat":"repeat","background-position":"center center","background-size":"auto","background-attachment":"scroll","background-type":"","background-media":"","overlay-type":"","overlay-color":"","overlay-gradient":""}},"footnotes":""},"class_list":["post-6693","page","type-page","status-publish","hentry"],"_links":{"self":[{"href":"https:\/\/snakeonline.io\/tr\/wp-json\/wp\/v2\/pages\/6693","targetHints":{"allow":["GET"]}}],"collection":[{"href":"https:\/\/snakeonline.io\/tr\/wp-json\/wp\/v2\/pages"}],"about":[{"href":"https:\/\/snakeonline.io\/tr\/wp-json\/wp\/v2\/types\/page"}],"author":[{"embeddable":true,"href":"https:\/\/snakeonline.io\/tr\/wp-json\/wp\/v2\/users\/2"}],"replies":[{"embeddable":true,"href":"https:\/\/snakeonline.io\/tr\/wp-json\/wp\/v2\/comments?post=6693"}],"version-history":[{"count":3,"href":"https:\/\/snakeonline.io\/tr\/wp-json\/wp\/v2\/pages\/6693\/revisions"}],"predecessor-version":[{"id":10418,"href":"https:\/\/snakeonline.io\/tr\/wp-json\/wp\/v2\/pages\/6693\/revisions\/10418"}],"wp:attachment":[{"href":"https:\/\/snakeonline.io\/tr\/wp-json\/wp\/v2\/media?parent=6693"}],"curies":[{"name":"wp","href":"https:\/\/api.w.org\/{rel}","templated":true}]}}