{"id":6692,"date":"2024-01-18T00:00:12","date_gmt":"2024-01-18T05:00:12","guid":{"rendered":"https:\/\/snakeonline.io\/?page_id=6692"},"modified":"2024-02-21T15:52:48","modified_gmt":"2024-02-21T12:52:48","slug":"mdrender-disclosure-california-residents","status":"publish","type":"page","link":"https:\/\/snakeonline.io\/tr\/mdrender-disclosure-california-residents\/","title":{"rendered":"KALI\u0307FORNI\u0307YA SAKI\u0307NLERI\u0307 I\u0307\u00c7I\u0307N"},"content":{"rendered":"<div data-elementor-type=\"wp-page\" data-elementor-id=\"6692\" class=\"elementor elementor-6692\" data-elementor-post-type=\"page\">\n\t\t\t\t\t\t<section class=\"elementor-section elementor-top-section elementor-element elementor-element-f50c6f9 elementor-section-stretched elementor-section-full_width elementor-section-height-default elementor-section-height-default\" data-id=\"f50c6f9\" data-element_type=\"section\" data-settings=\"{&quot;stretch_section&quot;:&quot;section-stretched&quot;,&quot;background_background&quot;:&quot;gradient&quot;,&quot;ekit_section_parallax_bg&quot;:&quot;yes&quot;,&quot;shape_divider_bottom&quot;:&quot;opacity-tilt&quot;,&quot;ekit_section_parallax_bg_speed&quot;:0.5}\">\n\t\t\t\t\t\t\t<div class=\"elementor-background-overlay\"><\/div>\n\t\t\t\t\t\t<div class=\"elementor-shape elementor-shape-bottom\" data-negative=\"false\">\n\t\t\t<svg xmlns=\"http:\/\/www.w3.org\/2000\/svg\" viewbox=\"0 0 2600 131.1\" preserveaspectratio=\"none\">\n\t<path class=\"elementor-shape-fill\" d=\"M0 0L2600 0 2600 69.1 0 0z\"\/>\n\t<path class=\"elementor-shape-fill\" style=\"opacity:0.5\" d=\"M0 0L2600 0 2600 69.1 0 69.1z\"\/>\n\t<path class=\"elementor-shape-fill\" style=\"opacity:0.25\" d=\"M2600 0L0 0 0 130.1 2600 69.1z\"\/>\n<\/svg>\t\t<\/div>\n\t\t\t\t\t<div class=\"elementor-container elementor-column-gap-default\">\n\t\t\t\t\t<div class=\"elementor-column elementor-col-100 elementor-top-column elementor-element elementor-element-eea04cf\" data-id=\"eea04cf\" data-element_type=\"column\">\n\t\t\t<div class=\"elementor-widget-wrap elementor-element-populated\">\n\t\t\t\t\t\t\t<\/div>\n\t\t<\/div>\n\t\t\t\t\t<\/div>\n\t\t<\/section>\n\t\t<div class=\"elementor-element elementor-element-4d839b4 e-flex e-con-boxed e-con e-parent\" data-id=\"4d839b4\" data-element_type=\"container\" data-core-v316-plus=\"true\">\n\t\t\t\t\t<div class=\"e-con-inner\">\n\t\t\t\t<div class=\"elementor-element elementor-element-389fb61 elementor-widget elementor-widget-text-editor\" data-id=\"389fb61\" data-element_type=\"widget\" data-settings=\"{&quot;ekit_we_effect_on&quot;:&quot;none&quot;}\" data-widget_type=\"text-editor.default\">\n\t\t\t\t<div class=\"elementor-widget-container\">\n\t\t\t<style>\/*! elementor - v3.20.0 - 26-03-2024 *\/\n.elementor-widget-text-editor.elementor-drop-cap-view-stacked .elementor-drop-cap{background-color:#69727d;color:#fff}.elementor-widget-text-editor.elementor-drop-cap-view-framed .elementor-drop-cap{color:#69727d;border:3px solid;background-color:transparent}.elementor-widget-text-editor:not(.elementor-drop-cap-view-default) .elementor-drop-cap{margin-top:8px}.elementor-widget-text-editor:not(.elementor-drop-cap-view-default) .elementor-drop-cap-letter{width:1em;height:1em}.elementor-widget-text-editor .elementor-drop-cap{float:left;text-align:center;line-height:1;font-size:50px}.elementor-widget-text-editor .elementor-drop-cap-letter{display:inline-block}<\/style>\t\t\t\t<div class=\"styles_markDownContent__KEREe\"><section><p><span style=\"color: #ff9600;\">Y\u00fcr\u00fcrl\u00fck Tarihi:<\/span>\u00a0\u00a0<span style=\"color: #fff800;\">21.02.2024<\/span><\/p><p class=\"styles_paragraph__np2Gp paragraphLight\"><span style=\"color: #ffffff;\">A\u015fa\u011f\u0131daki b\u00f6l\u00fcm sadece Kaliforniya'da ikamet edenler i\u00e7in ge\u00e7erlidir.<\/span><\/p><h4 id=\"1-ver aggregation\" class=\"styles_title__aVf4k\"><span style=\"color: #fff800;\">1) VERI TOPLAMA<\/span><\/h4><p class=\"styles_paragraph__np2Gp paragraphLight translation-block\"><span style=\"color: #ffffff\">Ge\u00e7ti\u011fimiz 12 ay i\u00e7inde toplad\u0131\u011f\u0131m\u0131z ki\u015fisel veri kategorileri ve bu verilerin kaynaklar\u0131 global <a class=\"styles_link__jxAx2\" style=\"color: #ffffff\" href=\"https:\/\/snakeonline.io\/mdrender\/privacypolicy\/\" target=\"_self\">gizlilik politikas\u0131<\/a>.<\/span><\/p><h4 id=\"2-ver-usage\" class=\"styles_title__aVf4k\"><span style=\"color: #fff800;\">2) VER\u0130 KULLANIMI<\/span><\/h4><p class=\"styles_paragraph__np2Gp paragraphLight translation-block\"><span style=\"color: #ffffff\">Ki\u015fisel verilerinizin toplanmas\u0131na ili\u015fkin i\u015f veya ticari ama\u00e7lar, global <a class=\"styles_link__jxAx2\" style=\"color: #ffffff\">Gizlilik Politikas\u0131<\/a>'n\u0131n 'VER\u0130LER\u0130N\u0130Z\u0130 NEDEN TOPLUYORUZ' b\u00f6l\u00fcm\u00fcnde a\u00e7\u0131klanmaktad\u0131r: #ffffff;\" href=\"https:\/\/snakeonline.io\/mdrender\/privacypolicy\/\" target=\"_self\"&gt;gizlilik politikas\u0131<\/a>.<\/span><\/p><h4 id=\"3-vernn-aciklanmasi-or-satii\" class=\"styles_title__aVf4k\"><span style=\"color: #fff800;\">3) VERILERIN A\u00c7IKLANMASI VEYA SATILMASI<\/span><\/h4><p class=\"styles_paragraph__np2Gp paragraphLight translation-block\"><span style=\"color: #ffffff\">Ki\u015fisel verilerinizi, insanlar\u0131n genellikle bu terimi anlad\u0131\u011f\u0131 \u015fekilde \u00fc\u00e7\u00fcnc\u00fc taraflara \"satm\u0131yoruz\". Ancak, ilgi alan\u0131na dayal\u0131 reklamlar sunmak, y\u00fcklemeleri nitelendirmek ve kampanya performans\u0131n\u0131 optimize etmek i\u00e7in \u00e7erez bilgilerinizi ve reklam tan\u0131mlay\u0131c\u0131lar\u0131n\u0131z\u0131 \u00fc\u00e7\u00fcnc\u00fc taraf reklam platformlar\u0131yla payla\u015fabiliriz. Uygulama CCPA kapsam\u0131nda bir \"sat\u0131\u015f\" olarak de\u011ferlendirildi\u011fi \u00f6l\u00e7\u00fcde, <a class=\"styles_link__jxAx2\" style=\"color: #ffffff\" href=\"partner-opt-out\" target=\"_self\">partner-opt-out<\/a> k\u00fcresel gizlilik politikas\u0131 b\u00f6l\u00fcm\u00fc.<\/span><\/p><p class=\"styles_paragraph__np2Gp paragraphLight\"><span style=\"color: #ffffff;\">CCPA kapsam\u0131nda 16 ya\u015f\u0131ndan k\u00fc\u00e7\u00fck \u00e7ocuklar\u0131n ki\u015fisel verilerinin \"sat\u0131\u015f\u0131\" terimi tan\u0131mlanmad\u0131\u011f\u0131ndan, 16 ya\u015f\u0131ndan k\u00fc\u00e7\u00fck \u00e7ocuklar\u0131n ki\u015fisel verilerinin sat\u0131\u015f\u0131 hakk\u0131nda kesin bir bilgiye sahip de\u011filiz.<\/span><\/p><p class=\"styles_paragraph__np2Gp paragraphLight\"><span style=\"color: #ffffff;\">Ge\u00e7ti\u011fimiz 12 ay i\u00e7inde, Hizmetlerimiz kapsam\u0131nda a\u015fa\u011f\u0131daki ki\u015fisel veri kategorilerini if\u015fa ettik:<\/span><\/p><table><thead><tr><th style=\"color: #ffffff;\"><span style=\"color: #ffffff;\">Toplanan Ki\u015fisel Verilerin Kategorisi<\/span><\/th><th style=\"text-align: center;\"><span style=\"color: #ffffff;\">D-TECH Taraf\u0131ndan Toplanan Veri \u00d6rnekleri<\/span><\/th><th style=\"text-align: center;\"><span style=\"color: #ffffff;\">\u0130\u015f Ama\u00e7l\u0131 Ki\u015fisel Veri Alabilecek \u00dc\u00e7\u00fcnc\u00fc Taraf Kategorileri<\/span><\/th><\/tr><\/thead><tbody><tr><td style=\"text-align: center;\"><span style=\"color: #ffffff;\">Tan\u0131mlay\u0131c\u0131lar<\/span><\/td><td style=\"text-align: center;\"><span style=\"color: #ffffff;\">ger\u00e7ek ad, takma ad, benzersiz ki\u015fisel tan\u0131mlay\u0131c\u0131, \u00e7evrimi\u00e7i tan\u0131mlay\u0131c\u0131, \u0130nternet Protokol\u00fc adresi, e-posta adresi, hesap ad\u0131 veya di\u011fer benzer tan\u0131mlay\u0131c\u0131lar.<\/span><\/td><td style=\"text-align: center;\"><span style=\"color: #ffffff;\">Di\u011fer Oyuncular (yaln\u0131zca kullan\u0131c\u0131 ad\u0131 ve profil), Hizmet Sa\u011flay\u0131c\u0131lar, Ortak \u015eirketler, Reklam A\u011flar\u0131 (yaln\u0131zca reklam tan\u0131mlay\u0131c\u0131 ve IP adresi)<\/span><\/td><\/tr><tr><td style=\"text-align: center;\"><span style=\"color: #ffffff;\">Kaliforniya M\u00fc\u015fteri Kay\u0131tlar\u0131 Yasas\u0131nda Listelenen Ki\u015fisel Veri Kategorileri (Cal. Civ. Kod \u00a7 1798.80(e)<\/span><\/td><td style=\"text-align: center;\"><span style=\"color: #ffffff;\">Bir isim veya telefon numaras\u0131.<\/span><\/td><td style=\"text-align: center;\"><span style=\"color: #ffffff;\">Hizmet sa\u011flay\u0131c\u0131lar<\/span><\/td><\/tr><tr><td style=\"text-align: center;\"><span style=\"color: #ffffff;\">Kaliforniya veya federal yasalar kapsam\u0131nda korunan s\u0131n\u0131fland\u0131rma \u00f6zellikleri.<\/span><\/td><td style=\"text-align: center;\"><span style=\"color: #ffffff;\">Ya\u015f<\/span><\/td><td style=\"text-align: center;\"><span style=\"color: #ffffff;\">Hizmet Sa\u011flay\u0131c\u0131lar\u0131n Reklam A\u011flar\u0131 (yaln\u0131zca uyumluluk amac\u0131yla)<\/span><\/td><\/tr><tr><td style=\"text-align: center;\"><span style=\"color: #ffffff;\">Ticari bilgiler.<\/span><\/td><td style=\"text-align: center;\"><span style=\"color: #ffffff;\">Sat\u0131n al\u0131nan, edinilen veya d\u00fc\u015f\u00fcn\u00fclen \u00fcr\u00fcn veya hizmetlerin kay\u0131tlar\u0131 veya di\u011fer al\u0131\u015fveri\u015f veya t\u00fcketim ge\u00e7mi\u015fi veya e\u011filimleri.<\/span><\/td><td style=\"text-align: center;\"><span style=\"color: #ffffff;\">Hizmet Sa\u011flay\u0131c\u0131lar Reklam A\u011flar\u0131<\/span><\/td><\/tr><tr><td style=\"text-align: center;\"><span style=\"color: #ffffff;\">\u0130nternet veya di\u011fer elektronik a\u011f faaliyetleri.<\/span><\/td><td style=\"text-align: center;\"><span style=\"color: #ffffff;\">Tarama ge\u00e7mi\u015fi, bir t\u00fcketicinin bir web sitesi, uygulama veya reklamla etkile\u015fimi hakk\u0131ndaki bilgiler.<\/span><\/td><td style=\"text-align: center;\"><span style=\"color: #ffffff;\">Hizmet Sa\u011flay\u0131c\u0131lar Reklam A\u011flar\u0131<\/span><\/td><\/tr><tr><td style=\"text-align: center;\"><span style=\"color: #ffffff;\">Bir t\u00fcketici profili olu\u015fturmak i\u00e7in di\u011fer ki\u015fisel verilerden yap\u0131lan \u00e7\u0131kar\u0131mlar.<\/span><\/td><td style=\"text-align: center;\"><span style=\"color: #ffffff;\">Bir t\u00fcketicinin tercihlerini, \u00f6zelliklerini ve davran\u0131\u015flar\u0131n\u0131 yans\u0131tan bir profil.<\/span><\/td><td style=\"text-align: center;\"><span style=\"color: #ffffff;\">Hizmet sa\u011flay\u0131c\u0131lar<\/span><\/td><\/tr><\/tbody><\/table><p class=\"styles_paragraph__np2Gp paragraphLight translation-block\"><span style=\"color: #ffffff\">Yukar\u0131da a\u00e7\u0131klanan payla\u015f\u0131ma ek olarak, bizi veya ba\u015fkalar\u0131n\u0131 korumak amac\u0131yla veya bir birle\u015fme, sat\u0131\u015f veya ba\u015fka bir varl\u0131k devri durumunda sizi ilgilendiren bilgileri \u015firket i\u015ftiraklerimizle payla\u015fabiliriz. Daha fazla bilgi i\u00e7in global <a class=\"styles_link__jxAx2\" style=\"color: #ffffff\" href=\"https:\/\/snakeonline.io\/mdrender\/privacypolicy\/\" target=\"_self\">gizlilik politikas\u0131<\/a>.<\/span><\/p><h4 id=\"4-rights\" class=\"styles_title__aVf4k\"><span style=\"color: #fff800;\">4) HAKLARINIZ<\/span><\/h4><p class=\"styles_paragraph__np2Gp paragraphLight\"><span style=\"color: #ffffff;\">Kaliforniya yasalar\u0131 kapsam\u0131ndaki haklar\u0131n\u0131z k\u00fcresel [gizlilik politikas\u0131] 'Haklar\u0131n\u0131z ve Tercihleriniz' b\u00f6l\u00fcm\u00fcnde a\u00e7\u0131klanmaktad\u0131r.\"<\/span><\/p><\/section><\/div>\t\t\t\t\t\t<\/div>\n\t\t\t\t<\/div>\n\t\t\t\t\t<\/div>\n\t\t\t\t<\/div>\n\t\t\t\t<\/div>","protected":false},"excerpt":{"rendered":"<p>Effective Date:\u00a0\u00a021.02.2024 The following section applies only to California residents. 1) DATA COLLECTION The categories of personal data we collected [&hellip;]<\/p>","protected":false},"author":2,"featured_media":0,"parent":0,"menu_order":0,"comment_status":"closed","ping_status":"closed","template":"elementor_header_footer","meta":{"site-sidebar-layout":"default","site-content-layout":"","ast-site-content-layout":"","site-content-style":"default","site-sidebar-style":"default","ast-global-header-display":"","ast-banner-title-visibility":"","ast-main-header-display":"","ast-hfb-above-header-display":"","ast-hfb-below-header-display":"","ast-hfb-mobile-header-display":"","site-post-title":"","ast-breadcrumbs-content":"","ast-featured-img":"","footer-sml-layout":"","theme-transparent-header-meta":"","adv-header-id-meta":"","stick-header-meta":"","header-above-stick-meta":"","header-main-stick-meta":"","header-below-stick-meta":"","astra-migrate-meta-layouts":"default","ast-page-background-enabled":"default","ast-page-background-meta":{"desktop":{"background-color":"var(--ast-global-color-4)","background-image":"","background-repeat":"repeat","background-position":"center center","background-size":"auto","background-attachment":"scroll","background-type":"","background-media":"","overlay-type":"","overlay-color":"","overlay-gradient":""},"tablet":{"background-color":"","background-image":"","background-repeat":"repeat","background-position":"center center","background-size":"auto","background-attachment":"scroll","background-type":"","background-media":"","overlay-type":"","overlay-color":"","overlay-gradient":""},"mobile":{"background-color":"","background-image":"","background-repeat":"repeat","background-position":"center center","background-size":"auto","background-attachment":"scroll","background-type":"","background-media":"","overlay-type":"","overlay-color":"","overlay-gradient":""}},"ast-content-background-meta":{"desktop":{"background-color":"var(--ast-global-color-5)","background-image":"","background-repeat":"repeat","background-position":"center center","background-size":"auto","background-attachment":"scroll","background-type":"","background-media":"","overlay-type":"","overlay-color":"","overlay-gradient":""},"tablet":{"background-color":"var(--ast-global-color-5)","background-image":"","background-repeat":"repeat","background-position":"center center","background-size":"auto","background-attachment":"scroll","background-type":"","background-media":"","overlay-type":"","overlay-color":"","overlay-gradient":""},"mobile":{"background-color":"var(--ast-global-color-5)","background-image":"","background-repeat":"repeat","background-position":"center center","background-size":"auto","background-attachment":"scroll","background-type":"","background-media":"","overlay-type":"","overlay-color":"","overlay-gradient":""}},"footnotes":""},"class_list":["post-6692","page","type-page","status-publish","hentry"],"_links":{"self":[{"href":"https:\/\/snakeonline.io\/tr\/wp-json\/wp\/v2\/pages\/6692","targetHints":{"allow":["GET"]}}],"collection":[{"href":"https:\/\/snakeonline.io\/tr\/wp-json\/wp\/v2\/pages"}],"about":[{"href":"https:\/\/snakeonline.io\/tr\/wp-json\/wp\/v2\/types\/page"}],"author":[{"embeddable":true,"href":"https:\/\/snakeonline.io\/tr\/wp-json\/wp\/v2\/users\/2"}],"replies":[{"embeddable":true,"href":"https:\/\/snakeonline.io\/tr\/wp-json\/wp\/v2\/comments?post=6692"}],"version-history":[{"count":0,"href":"https:\/\/snakeonline.io\/tr\/wp-json\/wp\/v2\/pages\/6692\/revisions"}],"wp:attachment":[{"href":"https:\/\/snakeonline.io\/tr\/wp-json\/wp\/v2\/media?parent=6692"}],"curies":[{"name":"wp","href":"https:\/\/api.w.org\/{rel}","templated":true}]}}