{"id":6691,"date":"2024-01-18T00:00:53","date_gmt":"2024-01-18T05:00:53","guid":{"rendered":"https:\/\/snakeonline.io\/?page_id=6691"},"modified":"2024-02-21T15:58:14","modified_gmt":"2024-02-21T12:58:14","slug":"mdrender-disclosure-korea-residents","status":"publish","type":"page","link":"https:\/\/snakeonline.io\/tr\/mdrender-disclosure-korea-residents\/","title":{"rendered":"KORE'DE YA\u015eAYANLAR I\u0307\u00c7I\u0307N"},"content":{"rendered":"<div data-elementor-type=\"wp-page\" data-elementor-id=\"6691\" class=\"elementor elementor-6691\" data-elementor-post-type=\"page\">\n\t\t\t\t\t\t<section class=\"elementor-section elementor-top-section elementor-element elementor-element-b89dd10 elementor-section-stretched elementor-section-full_width elementor-section-height-default elementor-section-height-default\" data-id=\"b89dd10\" data-element_type=\"section\" data-settings=\"{&quot;stretch_section&quot;:&quot;section-stretched&quot;,&quot;background_background&quot;:&quot;gradient&quot;,&quot;ekit_section_parallax_bg&quot;:&quot;yes&quot;,&quot;shape_divider_bottom&quot;:&quot;opacity-tilt&quot;,&quot;ekit_section_parallax_bg_speed&quot;:0.5}\">\n\t\t\t\t\t\t\t<div class=\"elementor-background-overlay\"><\/div>\n\t\t\t\t\t\t<div class=\"elementor-shape elementor-shape-bottom\" data-negative=\"false\">\n\t\t\t<svg xmlns=\"http:\/\/www.w3.org\/2000\/svg\" viewbox=\"0 0 2600 131.1\" preserveaspectratio=\"none\">\n\t<path class=\"elementor-shape-fill\" d=\"M0 0L2600 0 2600 69.1 0 0z\"\/>\n\t<path class=\"elementor-shape-fill\" style=\"opacity:0.5\" d=\"M0 0L2600 0 2600 69.1 0 69.1z\"\/>\n\t<path class=\"elementor-shape-fill\" style=\"opacity:0.25\" d=\"M2600 0L0 0 0 130.1 2600 69.1z\"\/>\n<\/svg>\t\t<\/div>\n\t\t\t\t\t<div class=\"elementor-container elementor-column-gap-default\">\n\t\t\t\t\t<div class=\"elementor-column elementor-col-100 elementor-top-column elementor-element elementor-element-d906099\" data-id=\"d906099\" data-element_type=\"column\">\n\t\t\t<div class=\"elementor-widget-wrap elementor-element-populated\">\n\t\t\t\t\t\t\t<\/div>\n\t\t<\/div>\n\t\t\t\t\t<\/div>\n\t\t<\/section>\n\t\t<div class=\"elementor-element elementor-element-17ff58c e-flex e-con-boxed e-con e-parent\" data-id=\"17ff58c\" data-element_type=\"container\" data-core-v316-plus=\"true\">\n\t\t\t\t\t<div class=\"e-con-inner\">\n\t\t\t\t<div class=\"elementor-element elementor-element-8a6bb9a elementor-widget elementor-widget-text-editor\" data-id=\"8a6bb9a\" data-element_type=\"widget\" data-settings=\"{&quot;ekit_we_effect_on&quot;:&quot;none&quot;}\" data-widget_type=\"text-editor.default\">\n\t\t\t\t<div class=\"elementor-widget-container\">\n\t\t\t<style>\/*! elementor - v3.20.0 - 26-03-2024 *\/\n.elementor-widget-text-editor.elementor-drop-cap-view-stacked .elementor-drop-cap{background-color:#69727d;color:#fff}.elementor-widget-text-editor.elementor-drop-cap-view-framed .elementor-drop-cap{color:#69727d;border:3px solid;background-color:transparent}.elementor-widget-text-editor:not(.elementor-drop-cap-view-default) .elementor-drop-cap{margin-top:8px}.elementor-widget-text-editor:not(.elementor-drop-cap-view-default) .elementor-drop-cap-letter{width:1em;height:1em}.elementor-widget-text-editor .elementor-drop-cap{float:left;text-align:center;line-height:1;font-size:50px}.elementor-widget-text-editor .elementor-drop-cap-letter{display:inline-block}<\/style>\t\t\t\t<div class=\"styles_markDownContent__KEREe\"><section><p><span style=\"color: #ff9600;\">Y\u00fcr\u00fcrl\u00fck Tarihi:<\/span>\u00a0\u00a0<span style=\"color: #fff800;\">21.02.2024<\/span><\/p><h4 id=\"1-imhas-of-personal-information\" class=\"styles_title__aVf4k\"><span style=\"color: #fff800;\">1) Ki\u015fisel bilgilerin imhas\u0131<\/span><\/h4><p class=\"styles_paragraf__np2Gp paragrafLight\"><span style=\"color: #ffffff;\">Ki\u015fisel bilgiler gereksiz hale geldi\u011finde, \u00f6rne\u011fin saklama s\u00fcresi doldu\u011funda veya i\u015fleme amac\u0131na ula\u015f\u0131ld\u0131\u011f\u0131nda, ki\u015fisel bilgileri gecikmeden imha ederiz.<\/span><\/p><p class=\"styles_paragraf__np2Gp paragrafLight\"><span style=\"color: #ffffff;\">Veri sahibi taraf\u0131ndan kabul edilen ki\u015fisel veri saklama s\u00fcresinin sona ermesine veya i\u015fleme amac\u0131na ula\u015f\u0131lmas\u0131na ra\u011fmen, ki\u015fisel verilerin di\u011fer yasa ve y\u00f6netmeliklere uygun olarak saklanmaya devam edilmesi gerekiyorsa, ki\u015fisel veriler i\u015fleme amac\u0131n\u0131 s\u0131n\u0131rland\u0131racak \u015fekilde ayr\u0131\u015ft\u0131r\u0131lacakt\u0131r. .<\/span><\/p><p class=\"styles_paragraf__np2Gp paragrafLight\"><span style=\"color: #ffffff;\">Kanun ve ilgili yasalara g\u00f6re belirli bir s\u00fcre saklanmas\u0131 gereken ki\u015fisel bilgiler a\u015fa\u011f\u0131daki gibidir.<\/span><\/p><div id=\"koreaTable\"><table class=\"styles_table__WJfeJ\"><thead><tr><th style=\"text-align: center;\"><span style=\"color: #ffffff;\">\u0130lgili Yas<\/span><\/th><th style=\"text-align: center;\"><span style=\"color: #ffffff;\">Toplanan bilgiler<\/span><\/th><th style=\"text-align: center;\"><span style=\"color: #ffffff;\">Depolama s\u00fcresi<\/span><\/th><\/tr><\/thead><tbody><tr><td style=\"text-align: center;\"><span style=\"color: #ffffff;\">\u0130leti\u015fimin Gizlili\u011fini Koruma Yasas\u0131<\/span><\/td><td style=\"text-align: center;\"><span style=\"color: #ffffff;\">Hizmetin kullan\u0131m\u0131na ili\u015fkin bilgiler (web sitesi ziyaret kay\u0131tlar\u0131)<\/span><\/td><td style=\"text-align: center;\"><span style=\"color: #ffffff;\">3 ay<\/span><\/td><\/tr><tr><td style=\"text-align: center;\">\u00a0<\/td><td style=\"text-align: center;\"><span style=\"color: #ffffff;\">T\u00fcketici \u015fikayetleri veya anla\u015fmazl\u0131klar\u0131n \u00e7\u00f6z\u00fcm\u00fcne ili\u015fkin kay\u0131tlar<\/span><\/td><td style=\"text-align: center;\"><span style=\"color: #ffffff;\">3 y\u0131l<\/span><\/td><\/tr><tr><td style=\"text-align: center;\"><span style=\"color: #ffffff;\">Elektronik Ticarette T\u00fcketicinin Korunmas\u0131 Hakk\u0131nda Kanun vb.<\/span><\/td><td style=\"text-align: center;\"><span style=\"color: #ffffff;\">S\u00f6zle\u015fme kay\u0131tlar\u0131 veya abonelik iptalleri vb.<\/span><\/td><td style=\"text-align: center;\"><span style=\"color: #ffffff;\">5 y\u0131l<\/span><\/td><\/tr><tr><td style=\"text-align: center;\">\u00a0<\/td><td style=\"text-align: center;\"><span style=\"color: #ffffff;\">\u00d6deme ve mal tedariki vb. kay\u0131tlar\u0131<\/span><\/td><td style=\"text-align: center;\"><span style=\"color: #ffffff;\">5 y\u0131l<\/span><\/td><\/tr><\/tbody><\/table><\/div><p class=\"styles_paragraf__np2Gp paragrafLight\"><span style=\"color: #ffffff;\">Ki\u015fisel bilgilerin imhas\u0131na ili\u015fkin usul ve y\u00f6ntemler a\u015fa\u011f\u0131daki gibidir.<\/span><\/p><ul><li class=\"styles_paragraf__np2Gp paragrafLight\"><span style=\"color: #ffffff;\">\u0130mha Prosed\u00fcr\u00fc: \u0130mha edilmesi i\u00e7in bir neden olan ki\u015fisel bilgileri se\u00e7er ve ki\u015fisel bilgi koruma y\u00f6neticimizin onay\u0131 ile imha ederiz.<\/span><\/li><li class=\"styles_paragraph__np2Gp paragraphLight\"><span style=\"color: #ffffff;\">\u0130mha y\u00f6ntemi: Kay\u0131tlar\u0131n \u00e7o\u011falt\u0131lamayaca\u011f\u0131 \u015fekilde elektronik dosya \u015feklinde saklanan ki\u015fisel bilgileri ve di\u011fer kay\u0131tlar\u0131, bas\u0131l\u0131 materyalleri, yaz\u0131 veya kay\u0131t cihazlar\u0131n\u0131 par\u00e7alayarak veya yakarak imha ediyoruz.<\/span><\/li><\/ul><h4 id=\"2-personal-information-request-authorization\" class=\"styles_title__aVf4k\"><span style=\"color: #fff800;\">2) Ki\u015fisel veri i\u015fleme yetkisi<\/span><\/h4><p class=\"styles_paragraf__np2Gp paragrafLight\"><span style=\"color: #ffffff;\">Hizmetlerimizi geli\u015ftirmek i\u00e7in ki\u015fisel bilgilerinizi a\u015fa\u011f\u0131daki \u015fekilde emanet ediyoruz.<\/span><\/p><table class=\"styles_table__WJfeJ\"><thead><tr><th style=\"text-align: center;\"><span style=\"color: #ffffff;\">Atanm\u0131\u015f ki\u015fi (kayyum)<\/span><\/th><th style=\"text-align: center;\"><span style=\"color: #ffffff;\">Konsinye \u0130\u015f Detaylar\u0131<\/span><\/th><\/tr><\/thead><tbody><tr><td style=\"text-align: center;\"><span style=\"color: #ffffff;\">Amazon Web Services, Inc.<\/span><\/td><td style=\"text-align: center;\"><span style=\"color: #ffffff;\">M\u00fc\u015fteri bilgilerinin bulut \u00fczerinden depolanmas\u0131<\/span><\/td><\/tr><tr><td style=\"text-align: center;\"><span style=\"color: #ffffff;\">Google Cloud<\/span><\/td><td style=\"text-align: center;\"><span style=\"color: #ffffff;\">M\u00fc\u015fteri bilgilerinin bulut \u00fczerinden depolanmas\u0131<\/span><\/td><\/tr><\/tbody><\/table><h4 id=\"3-transfer-of-personal-information-internationally\" class=\"styles_title__aVf4k\"><span style=\"color: #fff800;\">3) Ki\u015fisel bilgilerin uluslararas\u0131 transferi<\/span><\/h4><p class=\"styles_paragraf__np2Gp paragrafLight\"><span style=\"color: #ffffff;\">Ki\u015fisel bilgileriniz a\u015fa\u011f\u0131daki \u015fekilde yurt d\u0131\u015f\u0131na aktar\u0131lacakt\u0131r:<\/span><\/p><ul><li class=\"styles_paragraph__np2Gp paragrafLight translation-block\"><span style=\"color: #ffffff\">Ki\u015fisel bilgilerin aktar\u0131ld\u0131\u011f\u0131 ki\u015fi: Amazon Web Services, Inc. <a class=\"styles_link__jxAx2\" style=\"color: #ffffff\" href=\"mailto:aws-korea-privacy@amazon.com\" target=\"_self\">aws-korea-privacy@amazon.com<\/a>, Google Cloud Platform <a class=\"styles_link__jxAx2\" style=\"color: #ffffff\" href=\"mailto:googlekrsupport@google.com\" target=\"_self\">googlekrsupport@google.com<\/a><\/span><\/li><li class=\"styles_paragraph__np2Gp paragraphLight\"><span style=\"color: #ffffff;\">Aktar\u0131lan ki\u015fisel bilgi \u00f6\u011feleri: Bu politikada a\u00e7\u0131klanan t\u00fcm toplanan \u00f6\u011feler<\/span><\/li><li class=\"styles_paragraph__np2Gp paragraphLight\"><span style=\"color: #ffffff;\">Kaynak \u00fclke: ABD<\/span><\/li><li class=\"styles_paragraph__np2Gp paragraphLight\"><span style=\"color: #ffffff;\">Transfer tarihi\/y\u00f6ntemi: A\u011f \u00fczerinden her zaman<\/span><\/li><li class=\"styles_paragraph__np2Gp paragraphLight\"><span style=\"color: #ffffff;\">Devralan\u0131n ki\u015fisel bilgilerinin kullan\u0131m amac\u0131: M\u00fc\u015fteri bilgilerinin bulutta saklanmas\u0131<\/span><\/li><li class=\"styles_paragraph__np2Gp paragraphLight\"><span style=\"color: #ffffff;\">Aktar\u0131m\u0131n al\u0131c\u0131s\u0131na ait ki\u015fisel bilgilerin saklanma ve kullan\u0131m s\u00fcresi: Bu politikada belirtilen saklama s\u00fcresi i\u00e7inde bizimle olan s\u00f6zle\u015fmenin sonuna kadar<\/span><\/li><\/ul><h4 id=\"4-returning-personal-information-for-collection-and-use\" class=\"styles_title__aVf4k\"><span style=\"color: #fff800;\">4) Ki\u015fisel bilgilerin toplanmas\u0131 ve kullan\u0131lmas\u0131na ili\u015fkin r\u0131zan\u0131n geri \u00e7ekilmesi<\/span><\/h4><p class=\"styles_paragraf__np2Gp paragrafLight\"><span style=\"color: #ffffff;\">Ki\u015fisel bilgilerin toplanmas\u0131 ve kullan\u0131lmas\u0131na ili\u015fkin onay\u0131n\u0131z\u0131 istedi\u011finiz zaman 'abonelikten \u00e7\u0131kma' yoluyla geri \u00e7ekebilirsiniz. \u00dcyeli\u011finizi iptal etmek isterseniz, l\u00fctfen uygulama i\u00e7inden hesap iptali talebinde bulunun.<\/span><\/p><\/section><\/div>\t\t\t\t\t\t<\/div>\n\t\t\t\t<\/div>\n\t\t\t\t\t<\/div>\n\t\t\t\t<\/div>\n\t\t\t\t<\/div>","protected":false},"excerpt":{"rendered":"<p>Effective Date:\u00a0\u00a021.02.2024 1) Destruction of personal information We destroy personal information without delay when personal information becomes unnecessary, such as [&hellip;]<\/p>","protected":false},"author":2,"featured_media":0,"parent":0,"menu_order":0,"comment_status":"closed","ping_status":"closed","template":"elementor_header_footer","meta":{"site-sidebar-layout":"default","site-content-layout":"","ast-site-content-layout":"","site-content-style":"default","site-sidebar-style":"default","ast-global-header-display":"","ast-banner-title-visibility":"","ast-main-header-display":"","ast-hfb-above-header-display":"","ast-hfb-below-header-display":"","ast-hfb-mobile-header-display":"","site-post-title":"","ast-breadcrumbs-content":"","ast-featured-img":"","footer-sml-layout":"","theme-transparent-header-meta":"","adv-header-id-meta":"","stick-header-meta":"","header-above-stick-meta":"","header-main-stick-meta":"","header-below-stick-meta":"","astra-migrate-meta-layouts":"default","ast-page-background-enabled":"default","ast-page-background-meta":{"desktop":{"background-color":"var(--ast-global-color-4)","background-image":"","background-repeat":"repeat","background-position":"center center","background-size":"auto","background-attachment":"scroll","background-type":"","background-media":"","overlay-type":"","overlay-color":"","overlay-gradient":""},"tablet":{"background-color":"","background-image":"","background-repeat":"repeat","background-position":"center center","background-size":"auto","background-attachment":"scroll","background-type":"","background-media":"","overlay-type":"","overlay-color":"","overlay-gradient":""},"mobile":{"background-color":"","background-image":"","background-repeat":"repeat","background-position":"center center","background-size":"auto","background-attachment":"scroll","background-type":"","background-media":"","overlay-type":"","overlay-color":"","overlay-gradient":""}},"ast-content-background-meta":{"desktop":{"background-color":"var(--ast-global-color-5)","background-image":"","background-repeat":"repeat","background-position":"center center","background-size":"auto","background-attachment":"scroll","background-type":"","background-media":"","overlay-type":"","overlay-color":"","overlay-gradient":""},"tablet":{"background-color":"var(--ast-global-color-5)","background-image":"","background-repeat":"repeat","background-position":"center center","background-size":"auto","background-attachment":"scroll","background-type":"","background-media":"","overlay-type":"","overlay-color":"","overlay-gradient":""},"mobile":{"background-color":"var(--ast-global-color-5)","background-image":"","background-repeat":"repeat","background-position":"center center","background-size":"auto","background-attachment":"scroll","background-type":"","background-media":"","overlay-type":"","overlay-color":"","overlay-gradient":""}},"footnotes":""},"class_list":["post-6691","page","type-page","status-publish","hentry"],"_links":{"self":[{"href":"https:\/\/snakeonline.io\/tr\/wp-json\/wp\/v2\/pages\/6691","targetHints":{"allow":["GET"]}}],"collection":[{"href":"https:\/\/snakeonline.io\/tr\/wp-json\/wp\/v2\/pages"}],"about":[{"href":"https:\/\/snakeonline.io\/tr\/wp-json\/wp\/v2\/types\/page"}],"author":[{"embeddable":true,"href":"https:\/\/snakeonline.io\/tr\/wp-json\/wp\/v2\/users\/2"}],"replies":[{"embeddable":true,"href":"https:\/\/snakeonline.io\/tr\/wp-json\/wp\/v2\/comments?post=6691"}],"version-history":[{"count":0,"href":"https:\/\/snakeonline.io\/tr\/wp-json\/wp\/v2\/pages\/6691\/revisions"}],"wp:attachment":[{"href":"https:\/\/snakeonline.io\/tr\/wp-json\/wp\/v2\/media?parent=6691"}],"curies":[{"name":"wp","href":"https:\/\/api.w.org\/{rel}","templated":true}]}}