{"id":9329,"date":"2024-02-19T09:47:04","date_gmt":"2024-02-19T06:47:04","guid":{"rendered":"https:\/\/snakeonline.io\/?page_id=9329"},"modified":"2024-02-21T15:47:55","modified_gmt":"2024-02-21T12:47:55","slug":"behaviorally-targeted-advertising-and-waiver-of-analytics","status":"publish","type":"page","link":"https:\/\/snakeonline.io\/de\/mdrender\/partner-opt-out\/","title":{"rendered":"VERHALTENSORIENTIERTE WERBUNG UND VERZICHT AUF ANALYTIK"},"content":{"rendered":"<div data-elementor-type=\"wp-page\" data-elementor-id=\"9329\" class=\"elementor elementor-9329\" data-elementor-post-type=\"page\">\n\t\t\t\t\t\t<section class=\"elementor-section elementor-top-section elementor-element elementor-element-0d99092 elementor-section-stretched elementor-section-boxed elementor-section-height-default elementor-section-height-default\" data-id=\"0d99092\" data-element_type=\"section\" data-settings=\"{&quot;stretch_section&quot;:&quot;section-stretched&quot;,&quot;background_background&quot;:&quot;gradient&quot;,&quot;ekit_section_parallax_bg&quot;:&quot;yes&quot;,&quot;shape_divider_bottom&quot;:&quot;opacity-tilt&quot;,&quot;ekit_section_parallax_bg_speed&quot;:0.5}\">\n\t\t\t\t\t\t\t<div class=\"elementor-background-overlay\"><\/div>\n\t\t\t\t\t\t<div class=\"elementor-shape elementor-shape-bottom\" data-negative=\"false\">\n\t\t\t<svg xmlns=\"http:\/\/www.w3.org\/2000\/svg\" viewbox=\"0 0 2600 131.1\" preserveaspectratio=\"none\">\n\t<path class=\"elementor-shape-fill\" d=\"M0 0L2600 0 2600 69.1 0 0z\"\/>\n\t<path class=\"elementor-shape-fill\" style=\"opacity:0.5\" d=\"M0 0L2600 0 2600 69.1 0 69.1z\"\/>\n\t<path class=\"elementor-shape-fill\" style=\"opacity:0.25\" d=\"M2600 0L0 0 0 130.1 2600 69.1z\"\/>\n<\/svg>\t\t<\/div>\n\t\t\t\t\t<div class=\"elementor-container elementor-column-gap-default\">\n\t\t\t\t\t<div class=\"elementor-column elementor-col-100 elementor-top-column elementor-element elementor-element-8fab561\" data-id=\"8fab561\" data-element_type=\"column\">\n\t\t\t<div class=\"elementor-widget-wrap elementor-element-populated\">\n\t\t\t\t\t\t\t<\/div>\n\t\t<\/div>\n\t\t\t\t\t<\/div>\n\t\t<\/section>\n\t\t<div class=\"elementor-element elementor-element-6b2ba0c e-flex e-con-boxed e-con e-parent\" data-id=\"6b2ba0c\" data-element_type=\"container\" data-core-v316-plus=\"true\">\n\t\t\t\t\t<div class=\"e-con-inner\">\n\t\t\t\t<div class=\"elementor-element elementor-element-c8dc991 elementor-widget elementor-widget-text-editor\" data-id=\"c8dc991\" data-element_type=\"widget\" data-settings=\"{&quot;ekit_we_effect_on&quot;:&quot;none&quot;}\" data-widget_type=\"text-editor.default\">\n\t\t\t\t<div class=\"elementor-widget-container\">\n\t\t\t<style>\/*! elementor - v3.20.0 - 26-03-2024 *\/\n.elementor-widget-text-editor.elementor-drop-cap-view-stacked .elementor-drop-cap{background-color:#69727d;color:#fff}.elementor-widget-text-editor.elementor-drop-cap-view-framed .elementor-drop-cap{color:#69727d;border:3px solid;background-color:transparent}.elementor-widget-text-editor:not(.elementor-drop-cap-view-default) .elementor-drop-cap{margin-top:8px}.elementor-widget-text-editor:not(.elementor-drop-cap-view-default) .elementor-drop-cap-letter{width:1em;height:1em}.elementor-widget-text-editor .elementor-drop-cap{float:left;text-align:center;line-height:1;font-size:50px}.elementor-widget-text-editor .elementor-drop-cap-letter{display:inline-block}<\/style>\t\t\t\t<div class=\"styles_markDownContent__KEREe\"><section><p><span style=\"color: #ff9600;\">Datum des Inkrafttretens:<\/span>\u00a0\u00a0<span style=\"color: #fff800;\">21.02.2024<\/span><\/p><p class=\"styles_paragraph__np2Gp paragraphLight\"><span style=\"color: #ffffff;\">Wenn Sie verhaltensorientierte Werbung einschr\u00e4nken m\u00f6chten, k\u00f6nnen Sie dies tun, indem Sie die Optionen zur Anzeigenverfolgung in Ihren Ger\u00e4teeinstellungen einschr\u00e4nken. Bitte beachten Sie, dass der Prozess der Festlegung Ihrer Einstellungen browser- und ger\u00e4tespezifisch ist und es einige Zeit dauern kann, bis Ihre Einstellungen wirksam werden.<\/span><\/p><p class=\"styles_paragraph__np2Gp paragraphLight\"><span style=\"color: #ffffff;\">Bei Anzeigen in mobilen Apps k\u00f6nnen Sie Ihre Anzeigen-ID zur\u00fccksetzen und je nach Ger\u00e4t die interessenbezogene Werbung deaktivieren (Android) oder die Einstellung zur Begrenzung des Anzeigen-Trackings aktivieren (iOS).<\/span><\/p><p class=\"styles_paragraph__np2Gp paragraphLight\"><span style=\"color: #ffffff;\">Sie k\u00f6nnen auch Ihre Browser-Einstellungen \u00e4ndern, um das Tracking f\u00fcr die Anzeige von Werbung im Internet einzuschr\u00e4nken. Sie k\u00f6nnen dies tun, indem Sie Websites besuchen, die dies \u00fcber Cookies tun:<\/span><\/p><p class=\"styles_paragraph__np2Gp paragraphLight translation-block\"><span style=\"color: #ff9600\"><strong>D-TECH<\/strong><\/span> <span style=\"color: #ffffff\">arbeitet auch mit einer Reihe von Analyse- und Werbedienstleistungspartnern auf unseren mobilen Anwendungen, Websites und anderswo online zusammen. Diese Partner k\u00f6nnen Cookies, Web-Beacons und andere Tracking-Technologien verwenden, um Daten \u00fcber Sie zu sammeln oder zu erhalten, und sie k\u00f6nnen Kontrollrechte \u00fcber Ihre pers\u00f6nlichen Daten beanspruchen.&lt;\/span<\/p><p class=\" translation-block\"><span style=\"color: #ffffff\">Damit wir Ihnen Werbung im Spiel anbieten k\u00f6nnen, \u00fcbermitteln wir m\u00f6glicherweise Ihre Werbe-ID und IP-Adresse, Daten aus Cookies und anderen \u00e4hnlichen Technologien sowie andere derartige Informationen an Werbetr\u00e4ger (oder Werbenetzwerke). Diese k\u00f6nnen dann relevante Werbung f\u00fcr Sie finden, die in unseren Spielen und externen Ressourcen angezeigt wird. Sie k\u00f6nnen die Verwendung Ihrer Werbe-ID \u00fcber die Einstellungen Ihres Ger\u00e4ts kontrollieren und einschr\u00e4nken.<\/span> <span style=\"color: #ff9600\"><strong>D-TECH<\/strong><\/span> <span style=\"color: #ffffff\">kontrolliert nicht, welche spezifische Werbung in unseren Spielen gezeigt wird (dies wird von Werbenetzwerken kontrolliert), aber wir blockieren bestimmte Kategorien von Werbung.<\/span><\/p><p><span style=\"color: #ffffff;\">Eine Liste von Werbepartnern und Links zu deren Datenschutzrichtlinien<\/span><\/p><p class=\" translation-block\"><span style=\"color: #fff800\"><strong>Unity Ads<\/strong><\/span><br><span style=\"color: #ffffff\">Angebot von Unity F\u00fcr weitere Informationen \u00fcber Unity Ads besuchen Sie bitte die Datenschutzrichtlinie<\/span><\/p><p class=\" translation-block\"><span style=\"color: #fff800\"><strong>Unity Ads Datenschutzrichtlinie<\/strong><\/span><em><br><span style=\"color: #ffffff\"><a style=\"color: #ffffff\" href=\"https:\/\/unity.com\/legal\/privacy-policy\" target=\"_self\">https:\/\/unity.com\/legal\/privacy-policy<\/a><\/span><\/em>.<\/p><\/section><\/div>\t\t\t\t\t\t<\/div>\n\t\t\t\t<\/div>\n\t\t\t\t\t<\/div>\n\t\t\t\t<\/div>\n\t\t\t\t<\/div>","protected":false},"excerpt":{"rendered":"<p>Effective Date:\u00a0\u00a021.02.2024 If you want to limit behaviourally targeted ads, you can do so by limiting ad tracking options in [&hellip;]<\/p>","protected":false},"author":1,"featured_media":0,"parent":0,"menu_order":0,"comment_status":"closed","ping_status":"closed","template":"elementor_header_footer","meta":{"site-sidebar-layout":"no-sidebar","site-content-layout":"","ast-site-content-layout":"full-width-container","site-content-style":"default","site-sidebar-style":"default","ast-global-header-display":"","ast-banner-title-visibility":"","ast-main-header-display":"","ast-hfb-above-header-display":"","ast-hfb-below-header-display":"","ast-hfb-mobile-header-display":"","site-post-title":"disabled","ast-breadcrumbs-content":"","ast-featured-img":"disabled","footer-sml-layout":"","theme-transparent-header-meta":"","adv-header-id-meta":"","stick-header-meta":"","header-above-stick-meta":"","header-main-stick-meta":"","header-below-stick-meta":"","astra-migrate-meta-layouts":"default","ast-page-background-enabled":"default","ast-page-background-meta":{"desktop":{"background-color":"var(--ast-global-color-4)","background-image":"","background-repeat":"repeat","background-position":"center center","background-size":"auto","background-attachment":"scroll","background-type":"","background-media":"","overlay-type":"","overlay-color":"","overlay-gradient":""},"tablet":{"background-color":"","background-image":"","background-repeat":"repeat","background-position":"center center","background-size":"auto","background-attachment":"scroll","background-type":"","background-media":"","overlay-type":"","overlay-color":"","overlay-gradient":""},"mobile":{"background-color":"","background-image":"","background-repeat":"repeat","background-position":"center center","background-size":"auto","background-attachment":"scroll","background-type":"","background-media":"","overlay-type":"","overlay-color":"","overlay-gradient":""}},"ast-content-background-meta":{"desktop":{"background-color":"var(--ast-global-color-5)","background-image":"","background-repeat":"repeat","background-position":"center center","background-size":"auto","background-attachment":"scroll","background-type":"","background-media":"","overlay-type":"","overlay-color":"","overlay-gradient":""},"tablet":{"background-color":"var(--ast-global-color-5)","background-image":"","background-repeat":"repeat","background-position":"center center","background-size":"auto","background-attachment":"scroll","background-type":"","background-media":"","overlay-type":"","overlay-color":"","overlay-gradient":""},"mobile":{"background-color":"var(--ast-global-color-5)","background-image":"","background-repeat":"repeat","background-position":"center center","background-size":"auto","background-attachment":"scroll","background-type":"","background-media":"","overlay-type":"","overlay-color":"","overlay-gradient":""}},"footnotes":""},"class_list":["post-9329","page","type-page","status-publish","hentry"],"_links":{"self":[{"href":"https:\/\/snakeonline.io\/de\/wp-json\/wp\/v2\/pages\/9329","targetHints":{"allow":["GET"]}}],"collection":[{"href":"https:\/\/snakeonline.io\/de\/wp-json\/wp\/v2\/pages"}],"about":[{"href":"https:\/\/snakeonline.io\/de\/wp-json\/wp\/v2\/types\/page"}],"author":[{"embeddable":true,"href":"https:\/\/snakeonline.io\/de\/wp-json\/wp\/v2\/users\/1"}],"replies":[{"embeddable":true,"href":"https:\/\/snakeonline.io\/de\/wp-json\/wp\/v2\/comments?post=9329"}],"version-history":[{"count":0,"href":"https:\/\/snakeonline.io\/de\/wp-json\/wp\/v2\/pages\/9329\/revisions"}],"wp:attachment":[{"href":"https:\/\/snakeonline.io\/de\/wp-json\/wp\/v2\/media?parent=9329"}],"curies":[{"name":"wp","href":"https:\/\/api.w.org\/{rel}","templated":true}]}}