{"id":6693,"date":"2024-01-18T00:00:20","date_gmt":"2024-01-18T05:00:20","guid":{"rendered":"https:\/\/snakeonline.io\/?page_id=6693"},"modified":"2025-08-20T20:43:37","modified_gmt":"2025-08-20T17:43:37","slug":"mdrender-disclosure-turkish-residents","status":"publish","type":"page","link":"https:\/\/snakeonline.io\/de\/mdrender\/disclosure-turkish-residents\/","title":{"rendered":"DATENSCHUTZERKL\u00c4RUNG - ZUS\u00c4TZLICHE INFORMATIONEN F\u00dcR EINWOHNER DER T\u00dcRKEI"},"content":{"rendered":"<div data-elementor-type=\"wp-page\" data-elementor-id=\"6693\" class=\"elementor elementor-6693\" data-elementor-post-type=\"page\">\n\t\t\t\t\t\t<section class=\"elementor-section elementor-top-section elementor-element elementor-element-0ec8082 elementor-section-stretched elementor-section-boxed elementor-section-height-default elementor-section-height-default\" data-id=\"0ec8082\" data-element_type=\"section\" data-settings=\"{&quot;stretch_section&quot;:&quot;section-stretched&quot;,&quot;background_background&quot;:&quot;gradient&quot;,&quot;ekit_section_parallax_bg&quot;:&quot;yes&quot;,&quot;shape_divider_bottom&quot;:&quot;opacity-tilt&quot;,&quot;ekit_section_parallax_bg_speed&quot;:0.5}\">\n\t\t\t\t\t\t\t<div class=\"elementor-background-overlay\"><\/div>\n\t\t\t\t\t\t<div class=\"elementor-shape elementor-shape-bottom\" data-negative=\"false\">\n\t\t\t<svg xmlns=\"http:\/\/www.w3.org\/2000\/svg\" viewbox=\"0 0 2600 131.1\" preserveaspectratio=\"none\">\n\t<path class=\"elementor-shape-fill\" d=\"M0 0L2600 0 2600 69.1 0 0z\"\/>\n\t<path class=\"elementor-shape-fill\" style=\"opacity:0.5\" d=\"M0 0L2600 0 2600 69.1 0 69.1z\"\/>\n\t<path class=\"elementor-shape-fill\" style=\"opacity:0.25\" d=\"M2600 0L0 0 0 130.1 2600 69.1z\"\/>\n<\/svg>\t\t<\/div>\n\t\t\t\t\t<div class=\"elementor-container elementor-column-gap-default\">\n\t\t\t\t\t<div class=\"elementor-column elementor-col-100 elementor-top-column elementor-element elementor-element-f1db743\" data-id=\"f1db743\" data-element_type=\"column\">\n\t\t\t<div class=\"elementor-widget-wrap elementor-element-populated\">\n\t\t\t\t\t\t\t<\/div>\n\t\t<\/div>\n\t\t\t\t\t<\/div>\n\t\t<\/section>\n\t\t<div class=\"elementor-element elementor-element-7793b66 e-flex e-con-boxed e-con e-parent\" data-id=\"7793b66\" data-element_type=\"container\" data-core-v316-plus=\"true\">\n\t\t\t\t\t<div class=\"e-con-inner\">\n\t\t\t\t<div class=\"elementor-element elementor-element-d8ca0b0 elementor-widget elementor-widget-text-editor\" data-id=\"d8ca0b0\" data-element_type=\"widget\" data-settings=\"{&quot;ekit_we_effect_on&quot;:&quot;none&quot;}\" data-widget_type=\"text-editor.default\">\n\t\t\t\t<div class=\"elementor-widget-container\">\n\t\t\t<style>\/*! elementor - v3.20.0 - 26-03-2024 *\/\n.elementor-widget-text-editor.elementor-drop-cap-view-stacked .elementor-drop-cap{background-color:#69727d;color:#fff}.elementor-widget-text-editor.elementor-drop-cap-view-framed .elementor-drop-cap{color:#69727d;border:3px solid;background-color:transparent}.elementor-widget-text-editor:not(.elementor-drop-cap-view-default) .elementor-drop-cap{margin-top:8px}.elementor-widget-text-editor:not(.elementor-drop-cap-view-default) .elementor-drop-cap-letter{width:1em;height:1em}.elementor-widget-text-editor .elementor-drop-cap{float:left;text-align:center;line-height:1;font-size:50px}.elementor-widget-text-editor .elementor-drop-cap-letter{display:inline-block}<\/style>\t\t\t\t<div class=\"styles_markDownContent__KEREe\"><section><p><span style=\"color: #ff9600;\">Datum des Inkrafttretens:<\/span>\u00a0\u00a0<span style=\"color: #fff800;\">20.08.2025<\/span><\/p><p class=\"styles_paragraf__np2Gp paragrafLight\"><span style=\"color: #ffffff;\">Der folgende Abschnitt gilt f\u00fcr Sie, wenn Sie eine betroffene Person mit Sitz in der Republik T\u00fcrkei sind.<\/span><\/p><h4 id=\"1-data-collection-and-processing\" class=\"styles_title__aVf4k\"><span style=\"color: #fff800;\">1) Datenerhebung und -verarbeitung<\/span><\/h4><p class=\"styles_paragraf__np2Gp paragrafLight\"><span style=\"color: #ffffff;\">Ihre personenbezogenen Daten werden insbesondere gem\u00e4\u00df dem Gesetz \u00fcber den Schutz personenbezogener Daten in der T\u00fcrkei (KVKK Nr. 6698) verarbeitet.<\/span><\/p><p class=\"styles_paragraf__np2Gp paragrafLight translation-block\"><span style=\"color: #ffffff\">Die Kategorien personenbezogener Daten, die wir sammeln, und die Quellen dieser Daten sind im Abschnitt 'DATA WE COLLECT' der globalen <a class=\"styles_link__jxAx2\" style=\"color: #ffffff\" href=\"https:\/\/snakeonline.io\/mdrender\/privacypolicy\/\" target=\"_self\">Datenschutzerkl\u00e4rung<\/a>.<\/span><\/p><p class=\"styles_paragraf__np2Gp paragrafLight\"><span style=\"color: #ffffff;\">Die Zwecke, zu denen wir Ihre personenbezogenen Daten erfassen, sind im Abschnitt \"WARUM WIR IHRE DATEN ERFASSEN\" der globalen Datenschutzrichtlinie beschrieben.<\/span><\/p><p class=\"styles_paragraf__np2Gp paragrafLight\"><span style=\"color: #ffffff;\">Dar\u00fcber hinaus werden Ihre personenbezogenen Daten gem\u00e4\u00df dem t\u00fcrkischen Gesetz \u00fcber den Schutz personenbezogener Daten (\"KVKK\") auf der Grundlage der folgenden Rechtsgrundlagen automatisch erfasst und verarbeitet:<\/span><\/p><ul><li class=\"styles_paragraph__np2Gp paragraphLight\"><span style=\"color: #ffffff;\">Artikel 5\/1<\/span><\/li><li class=\"styles_paragraph__np2Gp paragraphLight\"><span style=\"color: #ffffff;\">Artikel 5\/2 (c)<\/span><\/li><li class=\"styles_paragraph__np2Gp paragrafLight\"><span style=\"color: #ffffff;\">Artikel 5\/1<\/span><\/li><\/ul><h4 id=\"2-rights\" class=\"styles_title__aVf4k\"><span style=\"color: #fff800;\">2) Ihre Rechte<\/span><\/h4><p class=\"styles_paragraf__np2Gp paragrafLight\"><span style=\"color: #ffffff;\">Als betroffene Person, die von der Republik T\u00fcrkei Dienstleistungen in Bezug auf Ihre Daten erh\u00e4lt, die wir in unseren pers\u00f6nlichen Informationen aufbewahren, haben Sie die folgenden gesetzlichen Rechte, die in Artikel 11 des Datenschutzgesetzes festgelegt sind. Soweit dies nach den geltenden Gesetzen und Vorschriften zul\u00e4ssig ist, k\u00f6nnen Sie sich an den f\u00fcr die Datenverarbeitung Verantwortlichen wenden:<\/span><\/p><ul><li class=\"styles_paragraf__np2Gp paragrafLight\"><span style=\"color: #ffffff;\">Erfahren Sie, ob Ihre personenbezogenen Daten verarbeitet werden,<\/span><\/li><li class=\"styles_paragraf__np2Gp paragrafLight\"><span style=\"color: #ffffff;\">Auskunft dar\u00fcber verlangen, ob Ihre personenbezogenen Daten verarbeitet werden,<\/span><\/li><li class=\"styles_paragraf__np2Gp paragrafLight\"><span style=\"color: #ffffff;\">Um zu erfahren, zu welchem Zweck Ihre personenbezogenen Daten verarbeitet werden und ob diese Daten im Einklang mit dem angegebenen Zweck verwendet werden,<\/span><\/li><li class=\"styles_paragraf__np2Gp paragrafLight\"><span style=\"color: #ffffff;\">Zu wissen, an welche Dritten Ihre personenbezogenen Daten im In- und Ausland \u00fcbermittelt werden,<\/span><\/li><li class=\"styles_paragraf__np2Gp paragrafLight\"><span style=\"color: #ffffff;\">Beantragen Sie gegebenenfalls die Korrektur fehlender oder falscher Daten,<\/span><\/li><li class=\"styles_paragraf__np2Gp paragrafLight\"><span style=\"color: #ffffff;\">die L\u00f6schung oder Vernichtung Ihrer personenbezogenen Daten unter den in Artikel 7 des Datenschutzgesetzes genannten Bedingungen zu verlangen,<\/span><\/li><li class=\"styles_paragraf__np2Gp paragrafLight\"><span style=\"color: #ffffff;\">Sie k\u00f6nnen verlangen, dass Ihre personenbezogenen Daten und die unter e) und f) genannten Vorg\u00e4nge Dritten mitgeteilt werden, an die Ihre personenbezogenen Daten \u00fcbermittelt werden,<\/span><\/li><li class=\"styles_paragraf__np2Gp paragrafLight\"><span style=\"color: #ffffff;\">Einspruch gegen die Analyse von Daten, die ausschlie\u00dflich durch automatisierte Systeme zum Nachteil der Person verarbeitet werden,<\/span><\/li><li class=\"styles_paragraf__np2Gp paragrafLight\"><span style=\"color: #ffffff;\">Ersatz des Schadens zu verlangen, der durch die unrechtm\u00e4\u00dfige Verarbeitung Ihrer personenbezogenen Daten entstanden ist.<\/span><\/li><\/ul><p class=\"styles_paragraf__np2Gp paragrafLight\"><span style=\"color: #ffffff;\">For compliance with Turkish data protection regulations, please contact <b>info@visiongo.at<\/b><\/span><\/p><\/section><\/div>\t\t\t\t\t\t<\/div>\n\t\t\t\t<\/div>\n\t\t\t\t\t<\/div>\n\t\t\t\t<\/div>\n\t\t\t\t<\/div>","protected":false},"excerpt":{"rendered":"<p>Effective Date:\u00a0\u00a020.08.2025 The following section applies to you if you are a data subject located in the Republic of Turkey. [&hellip;]<\/p>","protected":false},"author":2,"featured_media":0,"parent":0,"menu_order":0,"comment_status":"closed","ping_status":"closed","template":"elementor_header_footer","meta":{"site-sidebar-layout":"default","site-content-layout":"","ast-site-content-layout":"","site-content-style":"default","site-sidebar-style":"default","ast-global-header-display":"","ast-banner-title-visibility":"","ast-main-header-display":"","ast-hfb-above-header-display":"","ast-hfb-below-header-display":"","ast-hfb-mobile-header-display":"","site-post-title":"","ast-breadcrumbs-content":"","ast-featured-img":"","footer-sml-layout":"","theme-transparent-header-meta":"","adv-header-id-meta":"","stick-header-meta":"","header-above-stick-meta":"","header-main-stick-meta":"","header-below-stick-meta":"","astra-migrate-meta-layouts":"default","ast-page-background-enabled":"default","ast-page-background-meta":{"desktop":{"background-color":"var(--ast-global-color-4)","background-image":"","background-repeat":"repeat","background-position":"center center","background-size":"auto","background-attachment":"scroll","background-type":"","background-media":"","overlay-type":"","overlay-color":"","overlay-gradient":""},"tablet":{"background-color":"","background-image":"","background-repeat":"repeat","background-position":"center center","background-size":"auto","background-attachment":"scroll","background-type":"","background-media":"","overlay-type":"","overlay-color":"","overlay-gradient":""},"mobile":{"background-color":"","background-image":"","background-repeat":"repeat","background-position":"center center","background-size":"auto","background-attachment":"scroll","background-type":"","background-media":"","overlay-type":"","overlay-color":"","overlay-gradient":""}},"ast-content-background-meta":{"desktop":{"background-color":"var(--ast-global-color-5)","background-image":"","background-repeat":"repeat","background-position":"center center","background-size":"auto","background-attachment":"scroll","background-type":"","background-media":"","overlay-type":"","overlay-color":"","overlay-gradient":""},"tablet":{"background-color":"var(--ast-global-color-5)","background-image":"","background-repeat":"repeat","background-position":"center center","background-size":"auto","background-attachment":"scroll","background-type":"","background-media":"","overlay-type":"","overlay-color":"","overlay-gradient":""},"mobile":{"background-color":"var(--ast-global-color-5)","background-image":"","background-repeat":"repeat","background-position":"center center","background-size":"auto","background-attachment":"scroll","background-type":"","background-media":"","overlay-type":"","overlay-color":"","overlay-gradient":""}},"footnotes":""},"class_list":["post-6693","page","type-page","status-publish","hentry"],"_links":{"self":[{"href":"https:\/\/snakeonline.io\/de\/wp-json\/wp\/v2\/pages\/6693","targetHints":{"allow":["GET"]}}],"collection":[{"href":"https:\/\/snakeonline.io\/de\/wp-json\/wp\/v2\/pages"}],"about":[{"href":"https:\/\/snakeonline.io\/de\/wp-json\/wp\/v2\/types\/page"}],"author":[{"embeddable":true,"href":"https:\/\/snakeonline.io\/de\/wp-json\/wp\/v2\/users\/2"}],"replies":[{"embeddable":true,"href":"https:\/\/snakeonline.io\/de\/wp-json\/wp\/v2\/comments?post=6693"}],"version-history":[{"count":3,"href":"https:\/\/snakeonline.io\/de\/wp-json\/wp\/v2\/pages\/6693\/revisions"}],"predecessor-version":[{"id":10418,"href":"https:\/\/snakeonline.io\/de\/wp-json\/wp\/v2\/pages\/6693\/revisions\/10418"}],"wp:attachment":[{"href":"https:\/\/snakeonline.io\/de\/wp-json\/wp\/v2\/media?parent=6693"}],"curies":[{"name":"wp","href":"https:\/\/api.w.org\/{rel}","templated":true}]}}