{"id":6692,"date":"2024-01-18T00:00:12","date_gmt":"2024-01-18T05:00:12","guid":{"rendered":"https:\/\/snakeonline.io\/?page_id=6692"},"modified":"2024-02-21T15:52:48","modified_gmt":"2024-02-21T12:52:48","slug":"mdrender-disclosure-california-residents","status":"publish","type":"page","link":"https:\/\/snakeonline.io\/de\/mdrender-disclosure-california-residents\/","title":{"rendered":"F\u00dcR EINWOHNER VON KALIFORNIEN"},"content":{"rendered":"<div data-elementor-type=\"wp-page\" data-elementor-id=\"6692\" class=\"elementor elementor-6692\" data-elementor-post-type=\"page\">\n\t\t\t\t\t\t<section class=\"elementor-section elementor-top-section elementor-element elementor-element-f50c6f9 elementor-section-stretched elementor-section-full_width elementor-section-height-default elementor-section-height-default\" data-id=\"f50c6f9\" data-element_type=\"section\" data-settings=\"{&quot;stretch_section&quot;:&quot;section-stretched&quot;,&quot;background_background&quot;:&quot;gradient&quot;,&quot;ekit_section_parallax_bg&quot;:&quot;yes&quot;,&quot;shape_divider_bottom&quot;:&quot;opacity-tilt&quot;,&quot;ekit_section_parallax_bg_speed&quot;:0.5}\">\n\t\t\t\t\t\t\t<div class=\"elementor-background-overlay\"><\/div>\n\t\t\t\t\t\t<div class=\"elementor-shape elementor-shape-bottom\" data-negative=\"false\">\n\t\t\t<svg xmlns=\"http:\/\/www.w3.org\/2000\/svg\" viewbox=\"0 0 2600 131.1\" preserveaspectratio=\"none\">\n\t<path class=\"elementor-shape-fill\" d=\"M0 0L2600 0 2600 69.1 0 0z\"\/>\n\t<path class=\"elementor-shape-fill\" style=\"opacity:0.5\" d=\"M0 0L2600 0 2600 69.1 0 69.1z\"\/>\n\t<path class=\"elementor-shape-fill\" style=\"opacity:0.25\" d=\"M2600 0L0 0 0 130.1 2600 69.1z\"\/>\n<\/svg>\t\t<\/div>\n\t\t\t\t\t<div class=\"elementor-container elementor-column-gap-default\">\n\t\t\t\t\t<div class=\"elementor-column elementor-col-100 elementor-top-column elementor-element elementor-element-eea04cf\" data-id=\"eea04cf\" data-element_type=\"column\">\n\t\t\t<div class=\"elementor-widget-wrap elementor-element-populated\">\n\t\t\t\t\t\t\t<\/div>\n\t\t<\/div>\n\t\t\t\t\t<\/div>\n\t\t<\/section>\n\t\t<div class=\"elementor-element elementor-element-4d839b4 e-flex e-con-boxed e-con e-parent\" data-id=\"4d839b4\" data-element_type=\"container\" data-core-v316-plus=\"true\">\n\t\t\t\t\t<div class=\"e-con-inner\">\n\t\t\t\t<div class=\"elementor-element elementor-element-389fb61 elementor-widget elementor-widget-text-editor\" data-id=\"389fb61\" data-element_type=\"widget\" data-settings=\"{&quot;ekit_we_effect_on&quot;:&quot;none&quot;}\" data-widget_type=\"text-editor.default\">\n\t\t\t\t<div class=\"elementor-widget-container\">\n\t\t\t<style>\/*! elementor - v3.20.0 - 26-03-2024 *\/\n.elementor-widget-text-editor.elementor-drop-cap-view-stacked .elementor-drop-cap{background-color:#69727d;color:#fff}.elementor-widget-text-editor.elementor-drop-cap-view-framed .elementor-drop-cap{color:#69727d;border:3px solid;background-color:transparent}.elementor-widget-text-editor:not(.elementor-drop-cap-view-default) .elementor-drop-cap{margin-top:8px}.elementor-widget-text-editor:not(.elementor-drop-cap-view-default) .elementor-drop-cap-letter{width:1em;height:1em}.elementor-widget-text-editor .elementor-drop-cap{float:left;text-align:center;line-height:1;font-size:50px}.elementor-widget-text-editor .elementor-drop-cap-letter{display:inline-block}<\/style>\t\t\t\t<div class=\"styles_markDownContent__KEREe\"><section><p><span style=\"color: #ff9600;\">Datum des Inkrafttretens:<\/span>\u00a0\u00a0<span style=\"color: #fff800;\">21.02.2024<\/span><\/p><p class=\"styles_paragraph__np2Gp paragraphLight\"><span style=\"color: #ffffff;\">Der folgende Abschnitt gilt nur f\u00fcr Einwohner Kaliforniens.<\/span><\/p><h4 id=\"1-ver aggregation\" class=\"styles_title__aVf4k\"><span style=\"color: #fff800;\">1) DATENERHEBUNG<\/span><\/h4><p class=\"styles_paragraph__np2Gp paragraphLight translation-block\"><span style=\"color: #ffffff\">Die Kategorien personenbezogener Daten, die wir in den letzten 12 Monaten erhoben haben, und die Quellen dieser Daten sind im Abschnitt 'DATA WE COLLECT' der globalen <a class=\"styles_link__jxAx2\" style=\"color: #ffffff\" href=\"https:\/\/snakeonline.io\/mdrender\/privacypolicy\/\" target=\"_self\">Datenschutzrichtlinie<\/a>.<\/span><\/p><h4 id=\"2-ver-usage\" class=\"styles_title__aVf4k\"><span style=\"color: #fff800;\">2) DATENVERWENDUNG<\/span><\/h4><p class=\"styles_paragraph__np2Gp paragraphLight translation-block\"><span style=\"color: #ffffff\">Die gesch\u00e4ftlichen oder kommerziellen Zwecke f\u00fcr die Erhebung Ihrer personenbezogenen Daten sind im Abschnitt 'WARUM WIR IHRE DATEN ERHEBEN' der globalen <a class=\"styles_link__jxAx2\" style=\"color: #ffffff\" href=\"https:\/\/snakeonline.io\/mdrender\/privacypolicy\/\" target=\"_self\">Datenschutzerkl\u00e4rung<\/a>.<\/span><\/p><h4 id=\"3-vernn-aciklanmasi-or-satii\" class=\"styles_title__aVf4k\"><span style=\"color: #fff800;\">3) WEITERGABE ODER VERKAUF VON DATEN<\/span><\/h4><p class=\"styles_paragraph__np2Gp paragraphLight translation-block\"><span style=\"color: #ffffff\">Wir \"verkaufen\" Ihre personenbezogenen Daten nicht an Dritte, so wie man diesen Begriff im Allgemeinen versteht. Wir k\u00f6nnen jedoch Ihre Cookie-Informationen und Werbekennungen an Drittanbieter-Werbeplattformen weitergeben, um interessenbezogene Werbung zu schalten, Installationen zuzuordnen und die Leistung von Kampagnen zu optimieren. Soweit die Anwendung als \"Verkauf\" im Sinne des CCPA angesehen wird, k\u00f6nnen Sie dieser Weitergabe widersprechen, indem Sie die in der &lt;a class=&quot;styles_link__jxAx2&quot; style=&quot;color: #ffffff;&quot; <a class=\"styles_link__jxAx2\" style=\"color: #ffffffff\" href=\"partner-opt-out\" target=\"_self\">partner-opt-out<\/a> der globalen Datenschutzrichtlinie beschrieben sind.<\/span><\/p><p class=\"styles_paragraph__np2Gp paragraphLight\"><span style=\"color: #ffffff;\">Da der Begriff \"Verkauf\" von personenbezogenen Daten von Kindern unter 16 Jahren nicht im Sinne des CCPA definiert ist, liegen uns keine genauen Informationen \u00fcber den Verkauf personenbezogener Daten von Kindern unter 16 Jahren vor.<\/span><\/p><p class=\"styles_paragraph__np2Gp paragraphLight\"><span style=\"color: #ffffff;\">In den vergangenen 12 Monaten haben wir die folgenden Kategorien personenbezogener Daten im Rahmen unserer Dienste offengelegt:<\/span><\/p><table><thead><tr><th style=\"color: #ffffff;\"><span style=\"color: #ffffff;\">Kategorie der gesammelten pers\u00f6nlichen Daten<\/span><\/th><th style=\"text-align: center;\"><span style=\"color: #ffffff;\">Beispiele f\u00fcr von D-TECH gesammelte Daten<\/span><\/th><th style=\"text-align: center;\"><span style=\"color: #ffffff;\">Kategorien von Dritten, die personenbezogene Daten f\u00fcr Gesch\u00e4ftszwecke erhalten k\u00f6nnen<\/span><\/th><\/tr><\/thead><tbody><tr><td style=\"text-align: center;\"><span style=\"color: #ffffff;\">Deskriptoren<\/span><\/td><td style=\"text-align: center;\"><span style=\"color: #ffffff;\">echter Name, Spitzname, eindeutige pers\u00f6nliche Kennung, Online-Kennung, Internet-Protokoll-Adresse, E-Mail-Adresse, Kontoname oder eine \u00e4hnliche Kennung.<\/span><\/td><td style=\"text-align: center;\"><span style=\"color: #ffffff;\">Andere Akteure (nur Nutzername und Profil), Dienstanbieter, Partnerunternehmen, Werbenetzwerke (nur Anzeigenkennung und IP-Adresse)<\/span><\/td><\/tr><tr><td style=\"text-align: center;\"><span style=\"color: #ffffff;\">Pers\u00f6nliche Datenkategorien, die im California Customer Records Act (Cal. Civ. Code \u00a7 1798.80(e))<\/span><\/td><td style=\"text-align: center;\"><span style=\"color: #ffffff;\">Ein Name oder eine Telefonnummer.<\/span><\/td><td style=\"text-align: center;\"><span style=\"color: #ffffff;\">Anbieter von Dienstleistungen<\/span><\/td><\/tr><tr><td style=\"text-align: center;\"><span style=\"color: #ffffff;\">Klassifizierungsmerkmale, die nach kalifornischem oder bundesstaatlichem Recht gesch\u00fctzt sind.<\/span><\/td><td style=\"text-align: center;\"><span style=\"color: #ffffff;\">Alter<\/span><\/td><td style=\"text-align: center;\"><span style=\"color: #ffffff;\">Werbenetzwerke von Dienstanbietern (nur f\u00fcr Compliance-Zwecke)<\/span><\/td><\/tr><tr><td style=\"text-align: center;\"><span style=\"color: #ffffff;\">Kommerzielle Informationen.<\/span><\/td><td style=\"text-align: center;\"><span style=\"color: #ffffff;\">Aufzeichnungen \u00fcber gekaufte, erworbene oder in Erw\u00e4gung gezogene Produkte oder Dienstleistungen oder andere Einkaufs- oder Verbrauchstendenzen.<\/span><\/td><td style=\"text-align: center;\"><span style=\"color: #ffffff;\">Dienstanbieter Werbenetzwerke<\/span><\/td><\/tr><tr><td style=\"text-align: center;\"><span style=\"color: #ffffff;\">Internet oder andere elektronische Netzwerkaktivit\u00e4ten.<\/span><\/td><td style=\"text-align: center;\"><span style=\"color: #ffffff;\">Browsing-Verlauf, Informationen \u00fcber die Interaktion eines Verbrauchers mit einer Website, App oder Werbung.<\/span><\/td><td style=\"text-align: center;\"><span style=\"color: #ffffff;\">Dienstanbieter Werbenetzwerke<\/span><\/td><\/tr><tr><td style=\"text-align: center;\"><span style=\"color: #ffffff;\">R\u00fcckschl\u00fcsse aus anderen personenbezogenen Daten, um ein Profil eines Verbrauchers zu erstellen.<\/span><\/td><td style=\"text-align: center;\"><span style=\"color: #ffffff;\">Ein Profil, das die Vorlieben, Eigenschaften und das Verhalten eines Verbrauchers widerspiegelt.<\/span><\/td><td style=\"text-align: center;\"><span style=\"color: #ffffff;\">Anbieter von Dienstleistungen<\/span><\/td><\/tr><\/tbody><\/table><p class=\"styles_paragraph__np2Gp paragraphLight translation-block\"><span style=\"color: #ffffff\">Zus\u00e4tzlich zu der oben beschriebenen Weitergabe k\u00f6nnen wir Informationen, die Sie betreffen, an unsere verbundenen Unternehmen weitergeben, um uns oder andere zu sch\u00fctzen, oder im Falle einer Fusion, eines Verkaufs oder einer anderen Verm\u00f6gens\u00fcbertragung. Weitere Informationen finden Sie im Abschnitt 'WER KANN IHRE DATEN SEHEN' in unserer globalen <a class=\"styles_link__jxAx2\" style=\"color: #ffffff\" href=\"https:\/\/snakeonline.io\/mdrender\/privacypolicy\/\" target=\"_self\">Datenschutzerkl\u00e4rung<\/a>.<\/span><\/p><h4 id=\"4-rights\" class=\"styles_title__aVf4k\"><span style=\"color: #fff800;\">4) IHRE RECHTE<\/span><\/h4><p class=\"styles_paragraph__np2Gp paragraphLight\"><span style=\"color: #ffffff;\">Ihre Rechte nach kalifornischem Recht sind im Abschnitt 'Ihre Rechte und Wahlm\u00f6glichkeiten' in der globalen [Datenschutzrichtlinie] beschrieben.\"<\/span><\/p><\/section><\/div>\t\t\t\t\t\t<\/div>\n\t\t\t\t<\/div>\n\t\t\t\t\t<\/div>\n\t\t\t\t<\/div>\n\t\t\t\t<\/div>","protected":false},"excerpt":{"rendered":"<p>Effective Date:\u00a0\u00a021.02.2024 The following section applies only to California residents. 1) DATA COLLECTION The categories of personal data we collected [&hellip;]<\/p>","protected":false},"author":2,"featured_media":0,"parent":0,"menu_order":0,"comment_status":"closed","ping_status":"closed","template":"elementor_header_footer","meta":{"site-sidebar-layout":"default","site-content-layout":"","ast-site-content-layout":"","site-content-style":"default","site-sidebar-style":"default","ast-global-header-display":"","ast-banner-title-visibility":"","ast-main-header-display":"","ast-hfb-above-header-display":"","ast-hfb-below-header-display":"","ast-hfb-mobile-header-display":"","site-post-title":"","ast-breadcrumbs-content":"","ast-featured-img":"","footer-sml-layout":"","theme-transparent-header-meta":"","adv-header-id-meta":"","stick-header-meta":"","header-above-stick-meta":"","header-main-stick-meta":"","header-below-stick-meta":"","astra-migrate-meta-layouts":"default","ast-page-background-enabled":"default","ast-page-background-meta":{"desktop":{"background-color":"var(--ast-global-color-4)","background-image":"","background-repeat":"repeat","background-position":"center center","background-size":"auto","background-attachment":"scroll","background-type":"","background-media":"","overlay-type":"","overlay-color":"","overlay-gradient":""},"tablet":{"background-color":"","background-image":"","background-repeat":"repeat","background-position":"center center","background-size":"auto","background-attachment":"scroll","background-type":"","background-media":"","overlay-type":"","overlay-color":"","overlay-gradient":""},"mobile":{"background-color":"","background-image":"","background-repeat":"repeat","background-position":"center center","background-size":"auto","background-attachment":"scroll","background-type":"","background-media":"","overlay-type":"","overlay-color":"","overlay-gradient":""}},"ast-content-background-meta":{"desktop":{"background-color":"var(--ast-global-color-5)","background-image":"","background-repeat":"repeat","background-position":"center center","background-size":"auto","background-attachment":"scroll","background-type":"","background-media":"","overlay-type":"","overlay-color":"","overlay-gradient":""},"tablet":{"background-color":"var(--ast-global-color-5)","background-image":"","background-repeat":"repeat","background-position":"center center","background-size":"auto","background-attachment":"scroll","background-type":"","background-media":"","overlay-type":"","overlay-color":"","overlay-gradient":""},"mobile":{"background-color":"var(--ast-global-color-5)","background-image":"","background-repeat":"repeat","background-position":"center center","background-size":"auto","background-attachment":"scroll","background-type":"","background-media":"","overlay-type":"","overlay-color":"","overlay-gradient":""}},"footnotes":""},"class_list":["post-6692","page","type-page","status-publish","hentry"],"_links":{"self":[{"href":"https:\/\/snakeonline.io\/de\/wp-json\/wp\/v2\/pages\/6692","targetHints":{"allow":["GET"]}}],"collection":[{"href":"https:\/\/snakeonline.io\/de\/wp-json\/wp\/v2\/pages"}],"about":[{"href":"https:\/\/snakeonline.io\/de\/wp-json\/wp\/v2\/types\/page"}],"author":[{"embeddable":true,"href":"https:\/\/snakeonline.io\/de\/wp-json\/wp\/v2\/users\/2"}],"replies":[{"embeddable":true,"href":"https:\/\/snakeonline.io\/de\/wp-json\/wp\/v2\/comments?post=6692"}],"version-history":[{"count":0,"href":"https:\/\/snakeonline.io\/de\/wp-json\/wp\/v2\/pages\/6692\/revisions"}],"wp:attachment":[{"href":"https:\/\/snakeonline.io\/de\/wp-json\/wp\/v2\/media?parent=6692"}],"curies":[{"name":"wp","href":"https:\/\/api.w.org\/{rel}","templated":true}]}}