{"id":6691,"date":"2024-01-18T00:00:53","date_gmt":"2024-01-18T05:00:53","guid":{"rendered":"https:\/\/snakeonline.io\/?page_id=6691"},"modified":"2024-02-21T15:58:14","modified_gmt":"2024-02-21T12:58:14","slug":"mdrender-disclosure-korea-residents","status":"publish","type":"page","link":"https:\/\/snakeonline.io\/de\/mdrender-disclosure-korea-residents\/","title":{"rendered":"F\u00dcR EINWOHNER IN KOREA"},"content":{"rendered":"<div data-elementor-type=\"wp-page\" data-elementor-id=\"6691\" class=\"elementor elementor-6691\" data-elementor-post-type=\"page\">\n\t\t\t\t\t\t<section class=\"elementor-section elementor-top-section elementor-element elementor-element-b89dd10 elementor-section-stretched elementor-section-full_width elementor-section-height-default elementor-section-height-default\" data-id=\"b89dd10\" data-element_type=\"section\" data-settings=\"{&quot;stretch_section&quot;:&quot;section-stretched&quot;,&quot;background_background&quot;:&quot;gradient&quot;,&quot;ekit_section_parallax_bg&quot;:&quot;yes&quot;,&quot;shape_divider_bottom&quot;:&quot;opacity-tilt&quot;,&quot;ekit_section_parallax_bg_speed&quot;:0.5}\">\n\t\t\t\t\t\t\t<div class=\"elementor-background-overlay\"><\/div>\n\t\t\t\t\t\t<div class=\"elementor-shape elementor-shape-bottom\" data-negative=\"false\">\n\t\t\t<svg xmlns=\"http:\/\/www.w3.org\/2000\/svg\" viewbox=\"0 0 2600 131.1\" preserveaspectratio=\"none\">\n\t<path class=\"elementor-shape-fill\" d=\"M0 0L2600 0 2600 69.1 0 0z\"\/>\n\t<path class=\"elementor-shape-fill\" style=\"opacity:0.5\" d=\"M0 0L2600 0 2600 69.1 0 69.1z\"\/>\n\t<path class=\"elementor-shape-fill\" style=\"opacity:0.25\" d=\"M2600 0L0 0 0 130.1 2600 69.1z\"\/>\n<\/svg>\t\t<\/div>\n\t\t\t\t\t<div class=\"elementor-container elementor-column-gap-default\">\n\t\t\t\t\t<div class=\"elementor-column elementor-col-100 elementor-top-column elementor-element elementor-element-d906099\" data-id=\"d906099\" data-element_type=\"column\">\n\t\t\t<div class=\"elementor-widget-wrap elementor-element-populated\">\n\t\t\t\t\t\t\t<\/div>\n\t\t<\/div>\n\t\t\t\t\t<\/div>\n\t\t<\/section>\n\t\t<div class=\"elementor-element elementor-element-17ff58c e-flex e-con-boxed e-con e-parent\" data-id=\"17ff58c\" data-element_type=\"container\" data-core-v316-plus=\"true\">\n\t\t\t\t\t<div class=\"e-con-inner\">\n\t\t\t\t<div class=\"elementor-element elementor-element-8a6bb9a elementor-widget elementor-widget-text-editor\" data-id=\"8a6bb9a\" data-element_type=\"widget\" data-settings=\"{&quot;ekit_we_effect_on&quot;:&quot;none&quot;}\" data-widget_type=\"text-editor.default\">\n\t\t\t\t<div class=\"elementor-widget-container\">\n\t\t\t<style>\/*! elementor - v3.20.0 - 26-03-2024 *\/\n.elementor-widget-text-editor.elementor-drop-cap-view-stacked .elementor-drop-cap{background-color:#69727d;color:#fff}.elementor-widget-text-editor.elementor-drop-cap-view-framed .elementor-drop-cap{color:#69727d;border:3px solid;background-color:transparent}.elementor-widget-text-editor:not(.elementor-drop-cap-view-default) .elementor-drop-cap{margin-top:8px}.elementor-widget-text-editor:not(.elementor-drop-cap-view-default) .elementor-drop-cap-letter{width:1em;height:1em}.elementor-widget-text-editor .elementor-drop-cap{float:left;text-align:center;line-height:1;font-size:50px}.elementor-widget-text-editor .elementor-drop-cap-letter{display:inline-block}<\/style>\t\t\t\t<div class=\"styles_markDownContent__KEREe\"><section><p><span style=\"color: #ff9600;\">Datum des Inkrafttretens:<\/span>\u00a0\u00a0<span style=\"color: #fff800;\">21.02.2024<\/span><\/p><h4 id=\"1-imhas-of-personal-information\" class=\"styles_title__aVf4k\"><span style=\"color: #fff800;\">1) Vernichtung von personenbezogenen Daten<\/span><\/h4><p class=\"styles_paragraf__np2Gp paragrafLight\"><span style=\"color: #ffffff;\">Wir vernichten personenbezogene Daten unverz\u00fcglich, wenn sie nicht mehr ben\u00f6tigt werden, z. B. wenn die Aufbewahrungsfrist abgelaufen ist oder der Zweck der Verarbeitung erreicht wurde.<\/span><\/p><p class=\"styles_paragraf__np2Gp paragrafLight\"><span style=\"color: #ffffff;\">M\u00fcssen die personenbezogenen Daten trotz Ablauf der von der betroffenen Person vereinbarten Aufbewahrungsfrist oder trotz Erreichung des Zwecks der Verarbeitung gem\u00e4\u00df anderen Gesetzen und Vorschriften weiterhin aufbewahrt werden, werden die personenbezogenen Daten getrennt, so dass der Zweck der Verarbeitung eingeschr\u00e4nkt wird. .<\/span><\/p><p class=\"styles_paragraf__np2Gp paragrafLight\"><span style=\"color: #ffffff;\">Personenbezogene Daten, die nach dem Gesetz und den geltenden Gesetzen f\u00fcr einen bestimmten Zeitraum aufbewahrt werden m\u00fcssen, sind die folgenden.<\/span><\/p><div id=\"koreaTable\"><table class=\"styles_table__WJfeJ\"><thead><tr><th style=\"text-align: center;\"><span style=\"color: #ffffff;\">Relevante Trauerf\u00e4lle<\/span><\/th><th style=\"text-align: center;\"><span style=\"color: #ffffff;\">Gesammelte Informationen<\/span><\/th><th style=\"text-align: center;\"><span style=\"color: #ffffff;\">Lagerzeit<\/span><\/th><\/tr><\/thead><tbody><tr><td style=\"text-align: center;\"><span style=\"color: #ffffff;\">Gesetz zum Schutz der Privatsph\u00e4re in der Kommunikation<\/span><\/td><td style=\"text-align: center;\"><span style=\"color: #ffffff;\">Informationen \u00fcber die Nutzung des Dienstes (Aufzeichnungen \u00fcber Website-Besuche)<\/span><\/td><td style=\"text-align: center;\"><span style=\"color: #ffffff;\">3 Monate<\/span><\/td><\/tr><tr><td style=\"text-align: center;\">\u00a0<\/td><td style=\"text-align: center;\"><span style=\"color: #ffffff;\">Aufzeichnungen \u00fcber Verbraucherbeschwerden oder Streitbeilegung<\/span><\/td><td style=\"text-align: center;\"><span style=\"color: #ffffff;\">3 Jahre<\/span><\/td><\/tr><tr><td style=\"text-align: center;\"><span style=\"color: #ffffff;\">Gesetz \u00fcber den Verbraucherschutz im elektronischen Gesch\u00e4ftsverkehr, etc.<\/span><\/td><td style=\"text-align: center;\"><span style=\"color: #ffffff;\">Vertragsanmeldungen oder K\u00fcndigungen von Abonnements usw.<\/span><\/td><td style=\"text-align: center;\"><span style=\"color: #ffffff;\">5 Jahre<\/span><\/td><\/tr><tr><td style=\"text-align: center;\">\u00a0<\/td><td style=\"text-align: center;\"><span style=\"color: #ffffff;\">Aufzeichnungen \u00fcber Zahlungen und Warenlieferungen usw.<\/span><\/td><td style=\"text-align: center;\"><span style=\"color: #ffffff;\">5 Jahre<\/span><\/td><\/tr><\/tbody><\/table><\/div><p class=\"styles_paragraf__np2Gp paragrafLight\"><span style=\"color: #ffffff;\">Die Verfahren und Methoden f\u00fcr die Vernichtung personenbezogener Daten sind wie folgt.<\/span><\/p><ul><li class=\"styles_paragraf__np2Gp paragrafLight\"><span style=\"color: #ffffff;\">Vernichtungsverfahren: Wir w\u00e4hlen personenbezogene Daten aus, f\u00fcr die ein Grund zur Vernichtung besteht, und vernichten sie mit der Genehmigung unseres Datenschutzbeauftragten.<\/span><\/li><li class=\"styles_paragraph__np2Gp paragraphLight\"><span style=\"color: #ffffff;\">Vernichtungsmethode: Wir vernichten personenbezogene Daten, die in Form von elektronischen Dateien gespeichert sind, so dass die Aufzeichnungen nicht vervielf\u00e4ltigt werden k\u00f6nnen, sowie andere Aufzeichnungen, Druckerzeugnisse, Schreib- oder Aufzeichnungsger\u00e4te durch Schreddern oder Verbrennen.<\/span><\/li><\/ul><h4 id=\"2-personal-information-request-authorization\" class=\"styles_title__aVf4k\"><span style=\"color: #fff800;\">2) Erm\u00e4chtigung zur Verarbeitung personenbezogener Daten<\/span><\/h4><p class=\"styles_paragraf__np2Gp paragrafLight\"><span style=\"color: #ffffff;\">Um unsere Dienstleistungen zu verbessern, vertrauen wir Ihre pers\u00f6nlichen Daten wie folgt an.<\/span><\/p><table class=\"styles_table__WJfeJ\"><thead><tr><th style=\"text-align: center;\"><span style=\"color: #ffffff;\">Beauftragte Person (Treuh\u00e4nder)<\/span><\/th><th style=\"text-align: center;\"><span style=\"color: #ffffff;\">Konsinye Job Details<\/span><\/th><\/tr><\/thead><tbody><tr><td style=\"text-align: center;\"><span style=\"color: #ffffff;\">Amazon Web Services, Inc.<\/span><\/td><td style=\"text-align: center;\"><span style=\"color: #ffffff;\">Speicherung von Kundeninformationen in der Cloud<\/span><\/td><\/tr><tr><td style=\"text-align: center;\"><span style=\"color: #ffffff;\">Google Cloud<\/span><\/td><td style=\"text-align: center;\"><span style=\"color: #ffffff;\">Speicherung von Kundeninformationen in der Cloud<\/span><\/td><\/tr><\/tbody><\/table><h4 id=\"3-transfer-of-personal-information-internationally\" class=\"styles_title__aVf4k\"><span style=\"color: #fff800;\">3) Internationale \u00dcbermittlung von personenbezogenen Daten<\/span><\/h4><p class=\"styles_paragraf__np2Gp paragrafLight\"><span style=\"color: #ffffff;\">Ihre personenbezogenen Daten werden wie folgt ins Ausland \u00fcbermittelt:<\/span><\/p><ul><li class=\"styles_paragraph__np2Gp paragrafLight translation-block\"><span style=\"color: #ffffff\">Die Person, an die personenbezogene Daten \u00fcbermittelt werden: Amazon Web Services, Inc. <a class=\"styles_link__jxAx2\" style=\"color: #ffffff\" href=\"mailto:aws-korea-privacy@amazon.com\" target=\"_self\">aws-korea-privacy@amazon.com<\/a>, Google Cloud Platform <a class=\"styles_link__jxAx2\" style=\"color: #ffffff\" href=\"mailto:googlekrsupport@google.com\" target=\"_self\">googlekrsupport@google.com<\/a><\/span><\/li><li class=\"styles_paragraph__np2Gp paragraphLight\"><span style=\"color: #ffffff;\">\u00dcbermittelte personenbezogene Daten: Alle in dieser Richtlinie beschriebenen gesammelten Daten<\/span><\/li><li class=\"styles_paragraph__np2Gp paragraphLight\"><span style=\"color: #ffffff;\">Herkunftsland: USA<\/span><\/li><li class=\"styles_paragraph__np2Gp paragraphLight\"><span style=\"color: #ffffff;\">Datum\/Methode der \u00dcbertragung: Jederzeit \u00fcber das Netz<\/span><\/li><li class=\"styles_paragraph__np2Gp paragraphLight\"><span style=\"color: #ffffff;\">Zweck der Verwendung der personenbezogenen Daten des Empf\u00e4ngers: Speicherung von Kundeninformationen in der Cloud<\/span><\/li><li class=\"styles_paragraph__np2Gp paragraphLight\"><span style=\"color: #ffffff;\">Dauer der Speicherung und Verwendung der personenbezogenen Daten des Empf\u00e4ngers der \u00dcbermittlung: Bis zur Beendigung des Vertrags mit uns innerhalb der in dieser Richtlinie festgelegten Aufbewahrungsfrist<\/span><\/li><\/ul><h4 id=\"4-returning-personal-information-for-collection-and-use\" class=\"styles_title__aVf4k\"><span style=\"color: #fff800;\">4) Widerruf der Zustimmung zur Erhebung und Verwendung personenbezogener Daten<\/span><\/h4><p class=\"styles_paragraf__np2Gp paragrafLight\"><span style=\"color: #ffffff;\">Sie k\u00f6nnen Ihre Zustimmung zur Erhebung und Verwendung personenbezogener Daten jederzeit durch \"Abmelden\" widerrufen. Wenn Sie Ihre Mitgliedschaft k\u00fcndigen m\u00f6chten, beantragen Sie bitte die Kontol\u00f6schung im Rahmen der Anwendung.<\/span><\/p><\/section><\/div>\t\t\t\t\t\t<\/div>\n\t\t\t\t<\/div>\n\t\t\t\t\t<\/div>\n\t\t\t\t<\/div>\n\t\t\t\t<\/div>","protected":false},"excerpt":{"rendered":"<p>Effective Date:\u00a0\u00a021.02.2024 1) Destruction of personal information We destroy personal information without delay when personal information becomes unnecessary, such as [&hellip;]<\/p>","protected":false},"author":2,"featured_media":0,"parent":0,"menu_order":0,"comment_status":"closed","ping_status":"closed","template":"elementor_header_footer","meta":{"site-sidebar-layout":"default","site-content-layout":"","ast-site-content-layout":"","site-content-style":"default","site-sidebar-style":"default","ast-global-header-display":"","ast-banner-title-visibility":"","ast-main-header-display":"","ast-hfb-above-header-display":"","ast-hfb-below-header-display":"","ast-hfb-mobile-header-display":"","site-post-title":"","ast-breadcrumbs-content":"","ast-featured-img":"","footer-sml-layout":"","theme-transparent-header-meta":"","adv-header-id-meta":"","stick-header-meta":"","header-above-stick-meta":"","header-main-stick-meta":"","header-below-stick-meta":"","astra-migrate-meta-layouts":"default","ast-page-background-enabled":"default","ast-page-background-meta":{"desktop":{"background-color":"var(--ast-global-color-4)","background-image":"","background-repeat":"repeat","background-position":"center center","background-size":"auto","background-attachment":"scroll","background-type":"","background-media":"","overlay-type":"","overlay-color":"","overlay-gradient":""},"tablet":{"background-color":"","background-image":"","background-repeat":"repeat","background-position":"center center","background-size":"auto","background-attachment":"scroll","background-type":"","background-media":"","overlay-type":"","overlay-color":"","overlay-gradient":""},"mobile":{"background-color":"","background-image":"","background-repeat":"repeat","background-position":"center center","background-size":"auto","background-attachment":"scroll","background-type":"","background-media":"","overlay-type":"","overlay-color":"","overlay-gradient":""}},"ast-content-background-meta":{"desktop":{"background-color":"var(--ast-global-color-5)","background-image":"","background-repeat":"repeat","background-position":"center center","background-size":"auto","background-attachment":"scroll","background-type":"","background-media":"","overlay-type":"","overlay-color":"","overlay-gradient":""},"tablet":{"background-color":"var(--ast-global-color-5)","background-image":"","background-repeat":"repeat","background-position":"center center","background-size":"auto","background-attachment":"scroll","background-type":"","background-media":"","overlay-type":"","overlay-color":"","overlay-gradient":""},"mobile":{"background-color":"var(--ast-global-color-5)","background-image":"","background-repeat":"repeat","background-position":"center center","background-size":"auto","background-attachment":"scroll","background-type":"","background-media":"","overlay-type":"","overlay-color":"","overlay-gradient":""}},"footnotes":""},"class_list":["post-6691","page","type-page","status-publish","hentry"],"_links":{"self":[{"href":"https:\/\/snakeonline.io\/de\/wp-json\/wp\/v2\/pages\/6691","targetHints":{"allow":["GET"]}}],"collection":[{"href":"https:\/\/snakeonline.io\/de\/wp-json\/wp\/v2\/pages"}],"about":[{"href":"https:\/\/snakeonline.io\/de\/wp-json\/wp\/v2\/types\/page"}],"author":[{"embeddable":true,"href":"https:\/\/snakeonline.io\/de\/wp-json\/wp\/v2\/users\/2"}],"replies":[{"embeddable":true,"href":"https:\/\/snakeonline.io\/de\/wp-json\/wp\/v2\/comments?post=6691"}],"version-history":[{"count":0,"href":"https:\/\/snakeonline.io\/de\/wp-json\/wp\/v2\/pages\/6691\/revisions"}],"wp:attachment":[{"href":"https:\/\/snakeonline.io\/de\/wp-json\/wp\/v2\/media?parent=6691"}],"curies":[{"name":"wp","href":"https:\/\/api.w.org\/{rel}","templated":true}]}}